{"id":1230,"date":"2018-12-22T17:29:36","date_gmt":"2018-12-22T17:29:36","guid":{"rendered":"http:\/\/ap-vf-lmo.ch\/wordpress\/?page_id=1230"},"modified":"2020-09-24T20:34:50","modified_gmt":"2020-09-24T20:34:50","slug":"lmo-2","status":"publish","type":"page","link":"http:\/\/ap-vf-lmo.ch\/wordpress\/?page_id=1230&lang=de","title":{"rendered":"LMO 2 Die osteoartikul\u00e4re Peripherie mit den Kraftlinien"},"content":{"rendered":"<p><strong>Daten:\u00a0<\/strong><span lang=\"DE-CH\">23. &#8211; 25. Oktober 2020<\/span><\/p>\n<p><strong>Zeiten:<\/strong><\/p>\n<ul>\n<li>Morgens \u00a0 \u00a0 \u00a0 \u00a0 08.45\u00a0 &#8211;\u00a0 12.15<\/li>\n<li>Nachmittags\u00a0 13.30\u00a0 &#8211;\u00a0 17.30<\/li>\n<\/ul>\n<p><strong>Attestierte Weiterbildungsstunden: <\/strong>22.5 h Kat. A<\/p>\n<p><b>Preise:<\/b><\/p>\n<p>Vereinsmitglieder: 650 CHF \/ 3 Tage<br \/>\nNichtmitglieder: 700 CHF \/ 3 Tage<br \/>\nAssistenten: 450 CHF \/ 3 Tage<\/p>\n<p><strong>Kursort: <\/strong>Bern<\/p>\n<p style=\"padding-left: 60px;\">Schanzeneckstrasse 25, 3012 Bern<br \/>\nGartenraum im Restaurant Veranda<\/p>\n<p><strong>Dozent:<\/strong><\/p>\n<p><strong><img loading=\"lazy\" class=\"attachment-60x60  alignleft\" src=\"http:\/\/ap-vf-lmo.ch\/wordpress\/wp-content\/uploads\/2016\/01\/Eric-Prat.jpg\" alt=\"\" width=\"129\" height=\"141\" \/>Eric Prat, Osteopath DO<\/strong>, Absolvent der A. T. Still-Akademie, Frankreich, 1987\u00a0(major national), Mitglied des Registre des Ost\u00e9opathes de France (ROF)\u00a0und der Acad\u00e9mie d\u2019ost\u00e9opathie fran\u00e7aise. Er ist Dozent und verantwortlich f\u00fcr Kurse in zahlreichen L\u00e4ndern (USA, Russland, Deutschland, Japan, Kanada, Italien) und Mitautor der B\u00fccher:<br \/>\n<br class=\"clear\" \/><br \/>\n<br class=\"clear\" \/><\/p>\n<ul>\n<li><em>Le Lien M\u00e9canique Ost\u00e9opathique; th\u00e9orie et pratique &#8211; Editions Sully 2003 (ins Englische und Japanische \u00fcbersetzt)<\/em><\/li>\n<li><em>Le lien M\u00e9canique Ost\u00e9opathique : art\u00e8res et syst\u00e8me neuro-v\u00e9g\u00e9tatif, \u00c9ditions Sully: 2009 (zweisprachiges Werk Franz\u00f6sisch &#8211; Englisch)<\/em><\/li>\n<li><em>Le Lien M\u00e9canique Ost\u00e9opathique : l\u00e9sions ost\u00e9opathiques de l&rsquo;os, \u00c9ditions Sully: 2012\u00a0<\/em><\/li>\n<li><em>Le Lien M\u00e9canique Ost\u00e9opathique : points cl\u00e9s du syst\u00e8me nerveux p\u00e9riph\u00e9rique, \u00c9ditions Sully: 2017\u00a0<\/em><\/li>\n<\/ul>\n<p><strong>Voraussetzung zur Zulassung: Teilnahme an Basiskurs LMO 1<\/strong><\/p>\n<p><strong>Kursinhalt:<\/strong><\/p>\n<p>In diesem Seminar werden die praktische Anwendung des Lien M\u00e9canique Ost\u00e9opathique an allen Gelenken und den Knochen der Peripherie sowie zahlreiche interessante Neuheiten angeschaut.<\/p>\n<p>Die superioren und inferioren Extremit\u00e4ten werden mittels Globaltests untersucht, die eine schnelle Diagnose der dominanten artikul\u00e4ren L\u00e4sion der Peripherie erm\u00f6glichen.<\/p>\n<p>Alle zu behandelnden artikul\u00e4ren L\u00e4sionen der Extremit\u00e4ten werden mithilfe spezifischer Tests im Detail untersucht. Die eingeschr\u00e4nkten Gelenke werden durch Anwendung des <i>Recoils <\/i>wieder gel\u00f6st. Die Auswirkungen auf die Gelenkfunktion (Beweglichkeit) und die Schmerzen sind unverz\u00fcglich sp\u00fcrbar.<\/p>\n<p>Bei langen Knochen k\u00f6nnen Fixierungen an der Diaphyse (Einschr\u00e4nkung der Flexibilit\u00e4t) oder an den Kraftlinien (Einschr\u00e4nkung der Kompressibilit\u00e4t) auftreten. In der Praxis erweisen sich diese verschiedenen intra-oss\u00e4ren osteopathischen L\u00e4sionen in allen chronischen oder komplexen F\u00e4llen oft als dominant und m\u00fcssen daher vorrangig behandelt werden. Die Gelenkdysfunktion, als sekund\u00e4re L\u00e4sion, normalisiert sich dann von selbst.<\/p>\n<p>Die Gelenkdiastase ist eine wenig bekannte osteopathische L\u00e4sion, die zu Instabilit\u00e4t und Hypermobilit\u00e4t der betroffenen Gelenke f\u00fchrt. Warum ist eine Gelenkkorrektur durch Manipulation nicht nachhaltig? Die im Rahmen der LMO-Methode durchgef\u00fchrten Tests und Behandlungsmethoden erm\u00f6glichen es, diese Instabilit\u00e4tsprobleme und ihre Folgen (Gelenkst\u00f6rungen, Schmerzen, wiederholte Verstauchungen) leicht zu erkennen und zu l\u00f6sen.<\/p>\n<p><strong>Programm:<\/strong><\/p>\n<p><b>1. Tag<\/b><\/p>\n<p><strong>Morgen:\u00a0<\/strong><\/p>\n<p>Das Konzept der Kraftlinien und der Gelenkdiastase.<\/p>\n<p>Intraoss\u00e4re Kraftlinien und Gelenkdiastase der unteren Extremit\u00e4t. Praxis: Provokationstests, Inhibitionstests und Recoil.<\/p>\n<p><strong>Nachmittag:\u00a0<\/strong><\/p>\n<p>Intraoss\u00e4re Kraftlinien und Gelenkdiastase der oberen Extremit\u00e4t. Praxis: Provokationstests, Inhibitionstests und Recoil.<\/p>\n<p>Kraftlinien der OVP-Achse, des posterioren Thorax und des Schulter- und Beckeng\u00fcrtels. Praxis: Provokationstests, Inhibitionstests und Recoil.<\/p>\n<p><b>2. Tag\u00a0<\/b><\/p>\n<p><strong>Morgen:\u00a0<\/strong><\/p>\n<p>Globale Untersuchung der Peripherie. Theorie und Praxis: Provokationstests und Inhibitionstests.<\/p>\n<p>Spezifische und analytische Tests, der Recoil Phase 1 und 2. Theorie.<\/p>\n<p>Der Fuss und der Kn\u00f6chel. Theorie, Klinik, Praxis und Behandlung mit Recoil.<\/p>\n<p><strong>Nachmittag:\u00a0<\/strong><\/p>\n<p>Das Knie \/ Theorie, Klinik, Praxis und Behandlung mit Recoil.<\/p>\n<p>Die H\u00fcfte \/ Theorie, Klinik, Praxis und Behandlung mit Recoil.<\/p>\n<p><b>3. Tag\u00a0<\/b><\/p>\n<p><strong>Morgen:\u00a0<\/strong><\/p>\n<p>Die Schulter. Theorie, Klinik, Praxis und Behandlung mit Recoil.<\/p>\n<p>Der Ellenbogen. Theorie, Klinik, Praxis und Behandlung mit Recoil.<\/p>\n<p><strong>Nachmittag:\u00a0<\/strong><\/p>\n<p>Die Hand und das Handgelenk. Theorie, Klinik, Praxis und Behandlung mit Recoil.<\/p>\n<p>Praktische Zusammenfassung und Revision einer vollst\u00e4ndigen Behandlung der globalen Peripherie und der Kraftlinien.<\/p>\n<p><strong>Anmeldung:<\/strong><\/p>\n<div id=\"vfb-form-54\" class=\"visual-form-builder-container\"><form id=\"lmo-2-osteoartikulaere-peripherie-mit-kraftlinien-54\" class=\"visual-form-builder vfb-form-54 \" method=\"post\" enctype=\"multipart\/form-data\">\n\t\t\t<input type=\"hidden\" name=\"form_id\" value=\"54\" \/><fieldset class=\"vfb-fieldset vfb-fieldset-1 lmo-2-osteoartikulaere-peripherie-mit-kraftlinien \" id=\"item-vfb-689\"><div class=\"vfb-legend\"><h3>LMO 2 osteoartikul\u00e4re Peripherie mit Kraftlinien<\/h3><\/div><ul class=\"vfb-section vfb-section-1\"><li class=\"vfb-item vfb-item-text  \" id=\"item-vfb-690\"><label for=\"vfb-690\" class=\"vfb-desc\">Name  <span class=\"vfb-required-asterisk\">*<\/span><\/label><input type=\"text\" name=\"vfb-690\" id=\"vfb-690\" value=\"\" class=\"vfb-text  vfb-medium  required  \" \/><\/li><li class=\"vfb-item vfb-item-text  \" id=\"item-vfb-691\"><label for=\"vfb-691\" class=\"vfb-desc\">Vorname  <span class=\"vfb-required-asterisk\">*<\/span><\/label><input type=\"text\" name=\"vfb-691\" id=\"vfb-691\" value=\"\" class=\"vfb-text  vfb-medium  required  \" \/><\/li><li class=\"vfb-item vfb-item-email  \" id=\"item-vfb-693\"><label for=\"vfb-693\" class=\"vfb-desc\">Email  <span class=\"vfb-required-asterisk\">*<\/span><\/label><input type=\"email\" name=\"vfb-693\" id=\"vfb-693\" value=\"\" class=\"vfb-text  vfb-medium  required  email \" \/><\/li><li class=\"vfb-item vfb-item-text  \" id=\"item-vfb-692\"><label for=\"vfb-692\" class=\"vfb-desc\">Strasse  <span class=\"vfb-required-asterisk\">*<\/span><\/label><input type=\"text\" name=\"vfb-692\" id=\"vfb-692\" value=\"\" class=\"vfb-text  vfb-medium  required  \" \/><\/li><li class=\"vfb-item vfb-item-text  \" id=\"item-vfb-694\"><label for=\"vfb-694\" class=\"vfb-desc\">Hausnummer  <span class=\"vfb-required-asterisk\">*<\/span><\/label><input type=\"text\" name=\"vfb-694\" id=\"vfb-694\" value=\"\" class=\"vfb-text  vfb-medium  required  \" \/><\/li><li class=\"vfb-item vfb-item-text  \" id=\"item-vfb-695\"><label for=\"vfb-695\" class=\"vfb-desc\">Postleitzahl  <span class=\"vfb-required-asterisk\">*<\/span><\/label><input type=\"text\" name=\"vfb-695\" id=\"vfb-695\" value=\"\" class=\"vfb-text  vfb-medium  required  \" \/><\/li><li class=\"vfb-item vfb-item-text  \" id=\"item-vfb-696\"><label for=\"vfb-696\" class=\"vfb-desc\">Ort  <span class=\"vfb-required-asterisk\">*<\/span><\/label><input type=\"text\" name=\"vfb-696\" id=\"vfb-696\" value=\"\" class=\"vfb-text  vfb-medium  required  \" \/><\/li><li class=\"vfb-item vfb-item-text  \" id=\"item-vfb-697\"><label for=\"vfb-697\" class=\"vfb-desc\">Land  <span class=\"vfb-required-asterisk\">*<\/span><\/label><input type=\"text\" name=\"vfb-697\" id=\"vfb-697\" value=\"\" class=\"vfb-text  vfb-medium  required  \" \/><\/li><li class=\"vfb-item vfb-item-text  \" id=\"item-vfb-698\"><label for=\"vfb-698\" class=\"vfb-desc\">Datum der Teilnahme an LMO 1 <\/label><input type=\"text\" name=\"vfb-698\" id=\"vfb-698\" value=\"\" class=\"vfb-text  vfb-medium   \" \/><\/li><\/ul>&nbsp;<\/fieldset><fieldset class=\"vfb-fieldset vfb-fieldset-2 kommentar \" id=\"item-vfb-686\" style=\"display:block\"><div class=\"vfb-legend\"><h3>Kommentar<\/h3><\/div><ul class=\"vfb-section vfb-section-2\"><li class=\"vfb-item vfb-item-secret\"  style=\"display:block\"><label for=\"vfb-687\" class=\"vfb-desc\"><\/label><input type=\"hidden\" name=\"_vfb-required-secret\" value=\"0\" \/><input type=\"hidden\" name=\"_vfb-secret\" value=\"vfb-687\" \/><input type=\"text\" name=\"vfb-687\" id=\"vfb-687\" value=\"\" class=\"vfb-text  vfb-medium  {digits:true,maxlength:2,minlength:2} \" style=\"display:block\" \/><li style=\"display:none;\"><label>Cette bo\u00eete est pour la protection contre le spam - <strong>Veuillez laisser en blanc<\/strong>:<\/label><div><input name=\"vfb-spam\" \/><\/div><\/li>\n\t\t\t<li class=\"vfb-item vfb-item-submit\" id=\"item-vfb-688\">\n\t\t\t\t\t\t<input type=\"submit\" name=\"vfb-submit\" id=\"vfb-688\" value=\"Senden\" class=\"vfb-submit \" \/>\n\t\t\t\t\t\t<\/li><\/ul>\n\t\t\t<\/fieldset><input type=\"hidden\" name=\"_wp_http_referer\" value=\"\/wordpress\/index.php?rest_route=%2Fwp%2Fv2%2Fpages%2F1230\" \/><\/form><\/div> <!-- .visual-form-builder-container -->\n","protected":false},"excerpt":{"rendered":"<p>Daten:\u00a023. &#8211; 25. Oktober 2020 Zeiten: Morgens \u00a0 \u00a0 \u00a0 \u00a0 08.45\u00a0 &#8211;\u00a0 12.15 Nachmittags\u00a0 13.30\u00a0 &#8211;\u00a0 17.30 Attestierte Weiterbildungsstunden:<\/p>\n","protected":false},"author":1,"featured_media":0,"parent":377,"menu_order":0,"comment_status":"closed","ping_status":"closed","template":"","meta":[],"_links":{"self":[{"href":"http:\/\/ap-vf-lmo.ch\/wordpress\/index.php?rest_route=\/wp\/v2\/pages\/1230"}],"collection":[{"href":"http:\/\/ap-vf-lmo.ch\/wordpress\/index.php?rest_route=\/wp\/v2\/pages"}],"about":[{"href":"http:\/\/ap-vf-lmo.ch\/wordpress\/index.php?rest_route=\/wp\/v2\/types\/page"}],"author":[{"embeddable":true,"href":"http:\/\/ap-vf-lmo.ch\/wordpress\/index.php?rest_route=\/wp\/v2\/users\/1"}],"replies":[{"embeddable":true,"href":"http:\/\/ap-vf-lmo.ch\/wordpress\/index.php?rest_route=%2Fwp%2Fv2%2Fcomments&post=1230"}],"version-history":[{"count":32,"href":"http:\/\/ap-vf-lmo.ch\/wordpress\/index.php?rest_route=\/wp\/v2\/pages\/1230\/revisions"}],"predecessor-version":[{"id":1765,"href":"http:\/\/ap-vf-lmo.ch\/wordpress\/index.php?rest_route=\/wp\/v2\/pages\/1230\/revisions\/1765"}],"up":[{"embeddable":true,"href":"http:\/\/ap-vf-lmo.ch\/wordpress\/index.php?rest_route=\/wp\/v2\/pages\/377"}],"wp:attachment":[{"href":"http:\/\/ap-vf-lmo.ch\/wordpress\/index.php?rest_route=%2Fwp%2Fv2%2Fmedia&parent=1230"}],"curies":[{"name":"wp","href":"https:\/\/api.w.org\/{rel}","templated":true}]}}