{"id":2591,"date":"2023-11-24T10:13:21","date_gmt":"2023-11-24T10:13:21","guid":{"rendered":"https:\/\/ap-vf-lmo.ch\/wordpress\/?page_id=2591"},"modified":"2026-02-13T20:54:07","modified_gmt":"2026-02-13T20:54:07","slug":"renouvellement-inscription-des-deja-membres","status":"publish","type":"page","link":"http:\/\/ap-vf-lmo.ch\/wordpress\/?page_id=2591&lang=fr","title":{"rendered":"Renouvellement inscription des d\u00e9j\u00e0 membres"},"content":{"rendered":"\n<p>Apr\u00e8s avoir rempli votre inscription, vous \u00eates pri\u00e9(e) de verser votre cotisation de 60 francs (membre actif, international), 50 francs (membre de soutien) au moyen du code QR ci-dessous. Apr\u00e8s cela, nous prendrons contact avec vous.<\/p>\n\n\n<div id=\"vfb-form-78\" class=\"visual-form-builder-container\"><form id=\"deja-membre-actif-lmo-suisse-schweiz-78\" class=\"visual-form-builder vfb-form-78 \" method=\"post\" enctype=\"multipart\/form-data\">\n\t\t\t<input type=\"hidden\" name=\"form_id\" value=\"78\" \/><fieldset class=\"vfb-fieldset vfb-fieldset-1 deja-membre-actif-lmo-suisse-schweiz \" id=\"item-vfb-1009\"><div class=\"vfb-legend\"><h3>D\u00e9ja Membre Actif LMO Suisse\/ Schweiz<\/h3><\/div><ul class=\"vfb-section vfb-section-1\"><li class=\"vfb-item vfb-item-text  \" id=\"item-vfb-1010\"><label for=\"vfb-1010\" class=\"vfb-desc\">Nom et pr\u00e9nom  <span class=\"vfb-required-asterisk\">*<\/span><\/label><input type=\"text\" name=\"vfb-1010\" id=\"vfb-1010\" value=\"\" class=\"vfb-text  vfb-medium  required  \" \/><\/li><li class=\"vfb-item vfb-item-email  \" id=\"item-vfb-1013\"><label for=\"vfb-1013\" class=\"vfb-desc\">Email  <span class=\"vfb-required-asterisk\">*<\/span><\/label><input type=\"email\" name=\"vfb-1013\" id=\"vfb-1013\" value=\"\" class=\"vfb-text  vfb-medium  required  email \" \/><\/li><li class=\"vfb-item vfb-item-text  \" id=\"item-vfb-1012\"><label for=\"vfb-1012\" class=\"vfb-desc\">Num\u00e9ro de membre  <span class=\"vfb-required-asterisk\">*<\/span><\/label><input type=\"text\" name=\"vfb-1012\" id=\"vfb-1012\" value=\"\" class=\"vfb-text  vfb-medium  required  \" \/><\/li><\/ul>&nbsp;<\/fieldset><fieldset class=\"vfb-fieldset vfb-fieldset-2 envoyer \" id=\"item-vfb-1006\" style=\"display:block\"><div class=\"vfb-legend\"><h3>Envoyer<\/h3><\/div><ul class=\"vfb-section vfb-section-2\"><li class=\"vfb-item vfb-item-secret\"  style=\"display:block\"><label for=\"vfb-1007\" class=\"vfb-desc\"><\/label><input type=\"hidden\" name=\"_vfb-required-secret\" value=\"0\" \/><input type=\"hidden\" name=\"_vfb-secret\" value=\"vfb-1007\" \/><input type=\"text\" name=\"vfb-1007\" id=\"vfb-1007\" value=\"\" class=\"vfb-text  vfb-medium  {digits:true,maxlength:2,minlength:2} \" style=\"display:block\" \/><li style=\"display:none;\"><label>Cette bo\u00eete est pour la protection contre le spam - <strong>Veuillez laisser en blanc<\/strong>:<\/label><div><input name=\"vfb-spam\" \/><\/div><\/li>\n\t\t\t<li class=\"vfb-item vfb-item-submit\" id=\"item-vfb-1008\">\n\t\t\t\t\t\t<input type=\"submit\" name=\"vfb-submit\" id=\"vfb-1008\" value=\"Envoyer\" class=\"vfb-submit \" \/>\n\t\t\t\t\t\t<\/li><\/ul>\n\t\t\t<\/fieldset><input type=\"hidden\" name=\"_wp_http_referer\" value=\"\/wordpress\/index.php?rest_route=%2Fwp%2Fv2%2Fpages%2F2591\" \/><\/form><\/div> <!-- .visual-form-builder-container -->\n\n\n<div id=\"vfb-form-129\" class=\"visual-form-builder-container\"><form id=\"deja-membre-de-soutien-lmo-suisse-schweiz-129\" class=\"visual-form-builder vfb-form-129 \" method=\"post\" enctype=\"multipart\/form-data\">\n\t\t\t<input type=\"hidden\" name=\"form_id\" value=\"129\" \/><fieldset class=\"vfb-fieldset vfb-fieldset-1 deja-membre-de-soutien-lmo-suisse-schweiz \" id=\"item-vfb-1633\"><div class=\"vfb-legend\"><h3>D\u00e9j\u00e0 Membre de Soutien LMO Suisse\/ Schweiz<\/h3><\/div><ul class=\"vfb-section vfb-section-1\"><li class=\"vfb-item vfb-item-text  \" id=\"item-vfb-1634\"><label for=\"vfb-1634\" class=\"vfb-desc\">Nom et pr\u00e9nom  <span class=\"vfb-required-asterisk\">*<\/span><\/label><input type=\"text\" name=\"vfb-1634\" id=\"vfb-1634\" value=\"\" class=\"vfb-text  vfb-medium  required  \" \/><\/li><li class=\"vfb-item vfb-item-email  \" id=\"item-vfb-1636\"><label for=\"vfb-1636\" class=\"vfb-desc\">Email  <span class=\"vfb-required-asterisk\">*<\/span><\/label><input type=\"email\" name=\"vfb-1636\" id=\"vfb-1636\" value=\"\" class=\"vfb-text  vfb-medium  required  email \" \/><\/li><li class=\"vfb-item vfb-item-text  \" id=\"item-vfb-1635\"><label for=\"vfb-1635\" class=\"vfb-desc\">Num\u00e9ro de membre  <span class=\"vfb-required-asterisk\">*<\/span><\/label><input type=\"text\" name=\"vfb-1635\" id=\"vfb-1635\" value=\"\" class=\"vfb-text  vfb-medium  required  \" \/><\/li><\/ul>&nbsp;<\/fieldset><fieldset class=\"vfb-fieldset vfb-fieldset-2 envoyer \" id=\"item-vfb-1630\" style=\"display:block\"><div class=\"vfb-legend\"><h3>Envoyer<\/h3><\/div><ul class=\"vfb-section vfb-section-2\"><li class=\"vfb-item vfb-item-secret\"  style=\"display:block\"><label for=\"vfb-1631\" class=\"vfb-desc\"><\/label><input type=\"hidden\" name=\"_vfb-required-secret\" value=\"0\" \/><input type=\"hidden\" name=\"_vfb-secret\" value=\"vfb-1631\" \/><input type=\"text\" name=\"vfb-1631\" id=\"vfb-1631\" value=\"\" class=\"vfb-text  vfb-medium  {digits:true,maxlength:2,minlength:2} \" style=\"display:block\" \/><li style=\"display:none;\"><label>Cette bo\u00eete est pour la protection contre le spam - <strong>Veuillez laisser en blanc<\/strong>:<\/label><div><input name=\"vfb-spam\" \/><\/div><\/li>\n\t\t\t<li class=\"vfb-item vfb-item-submit\" id=\"item-vfb-1632\">\n\t\t\t\t\t\t<input type=\"submit\" name=\"vfb-submit\" id=\"vfb-1632\" value=\"Envoyer\" class=\"vfb-submit \" \/>\n\t\t\t\t\t\t<\/li><\/ul>\n\t\t\t<\/fieldset><input type=\"hidden\" name=\"_wp_http_referer\" value=\"\/wordpress\/index.php?rest_route=%2Fwp%2Fv2%2Fpages%2F2591\" \/><\/form><\/div> <!-- .visual-form-builder-container -->\n\n\n\n<figure class=\"wp-block-image size-full is-resized\"><img loading=\"lazy\" src=\"http:\/\/ap-vf-lmo.ch\/wordpress\/wp-content\/uploads\/2023\/04\/QR-paiement-libre.png\" alt=\"\" class=\"wp-image-2307\" width=\"744\" height=\"524\" srcset=\"http:\/\/ap-vf-lmo.ch\/wordpress\/wp-content\/uploads\/2023\/04\/QR-paiement-libre.png 992w, http:\/\/ap-vf-lmo.ch\/wordpress\/wp-content\/uploads\/2023\/04\/QR-paiement-libre-300x211.png 300w, http:\/\/ap-vf-lmo.ch\/wordpress\/wp-content\/uploads\/2023\/04\/QR-paiement-libre-768x540.png 768w\" sizes=\"(max-width: 744px) 100vw, 744px\" \/><\/figure>\n","protected":false},"excerpt":{"rendered":"<p>Apr\u00e8s avoir rempli votre inscription, vous \u00eates pri\u00e9(e) de verser votre cotisation de 60 francs (membre actif, international), 50 francs<\/p>\n","protected":false},"author":1,"featured_media":0,"parent":0,"menu_order":0,"comment_status":"closed","ping_status":"closed","template":"","meta":[],"_links":{"self":[{"href":"http:\/\/ap-vf-lmo.ch\/wordpress\/index.php?rest_route=\/wp\/v2\/pages\/2591"}],"collection":[{"href":"http:\/\/ap-vf-lmo.ch\/wordpress\/index.php?rest_route=\/wp\/v2\/pages"}],"about":[{"href":"http:\/\/ap-vf-lmo.ch\/wordpress\/index.php?rest_route=\/wp\/v2\/types\/page"}],"author":[{"embeddable":true,"href":"http:\/\/ap-vf-lmo.ch\/wordpress\/index.php?rest_route=\/wp\/v2\/users\/1"}],"replies":[{"embeddable":true,"href":"http:\/\/ap-vf-lmo.ch\/wordpress\/index.php?rest_route=%2Fwp%2Fv2%2Fcomments&post=2591"}],"version-history":[{"count":6,"href":"http:\/\/ap-vf-lmo.ch\/wordpress\/index.php?rest_route=\/wp\/v2\/pages\/2591\/revisions"}],"predecessor-version":[{"id":3089,"href":"http:\/\/ap-vf-lmo.ch\/wordpress\/index.php?rest_route=\/wp\/v2\/pages\/2591\/revisions\/3089"}],"wp:attachment":[{"href":"http:\/\/ap-vf-lmo.ch\/wordpress\/index.php?rest_route=%2Fwp%2Fv2%2Fmedia&parent=2591"}],"curies":[{"name":"wp","href":"https:\/\/api.w.org\/{rel}","templated":true}]}}