{"id":2915,"date":"2024-12-14T22:57:40","date_gmt":"2024-12-14T22:57:40","guid":{"rendered":"https:\/\/ap-vf-lmo.ch\/wordpress\/?page_id=2915"},"modified":"2024-12-19T21:44:33","modified_gmt":"2024-12-19T21:44:33","slug":"lmo-6-das-periphere-nervensystem","status":"publish","type":"page","link":"http:\/\/ap-vf-lmo.ch\/wordpress\/?page_id=2915&lang=de","title":{"rendered":"LMO 6 : Das periphere Nervensystem"},"content":{"rendered":"\n<p>Datum: <strong>Freitag, 07. bis Sonntag, 09. November 2025<\/strong><br><\/p>\n\n\n\n<p><strong>Zeiten:<\/strong> <\/p>\n\n\n\n<p>Morgens 08.45 &#8211; 12.15<br>Nachmittags 13.30 &#8211; 17.30<\/p>\n\n\n\n<p><strong>Attestierte Weiterbildungsstunden:<\/strong> 22.5 h Kategorie A<\/p>\n\n\n\n<p><strong>Kursort:<\/strong> <a href=\"https:\/\/ap-vf-lmo.ch\/wordpress\/?page_id=1089&amp;lang=de\">Villars sur Gl\u00e2ne<\/a><\/p>\n\n\n\n<p><\/p>\n\n\n\n<p>&gt;&nbsp;<strong>Der Kurs wird auf Deutsch \u00fcbersetzt.&nbsp;<\/strong><\/p>\n\n\n\n<p><strong>Preise, inklusive Zwischenverpflegung und Mittagessen:<\/strong><\/p>\n\n\n\n<ul><li>775 CHF \/ 3 Tage: Mitglieder LMO Vereine&nbsp;<\/li><li>825 CHF \/ 3 Tage: Nichtmitglieder<\/li><li>525 CHF \/ 3 Tage: Studenten und Assistenten (angestellte Osteopathen im CH-Anerkennungsverfahren)<\/li><\/ul>\n\n\n\n<p><strong>DOZENT: <\/strong><a href=\"http:\/\/ap-vf-lmo.ch\/wordpress\/wp-content\/uploads\/2024\/12\/cv-nicolas-caen-vf-2024.pdf\"><strong>Nicolas Caen<\/strong>, Ost\u00e9opathe D.O. <\/a><\/p>\n\n\n\n<figure class=\"wp-block-image size-full is-resized\"><img loading=\"lazy\" src=\"https:\/\/ap-vf-lmo.ch\/wordpress\/wp-content\/uploads\/2024\/12\/Nicolas-CAEN-photo-pour-pologne.jpeg\" alt=\"\" class=\"wp-image-2980\" width=\"189\" height=\"142\" srcset=\"http:\/\/ap-vf-lmo.ch\/wordpress\/wp-content\/uploads\/2024\/12\/Nicolas-CAEN-photo-pour-pologne.jpeg 640w, http:\/\/ap-vf-lmo.ch\/wordpress\/wp-content\/uploads\/2024\/12\/Nicolas-CAEN-photo-pour-pologne-300x225.jpeg 300w\" sizes=\"(max-width: 189px) 100vw, 189px\" \/><\/figure>\n\n\n\n<p><\/p>\n\n\n\n<p><\/p>\n\n\n\n<p>3-t\u00e4giges Seminar<\/p>\n\n\n\n<h2 id=\"section0\">Ziel:<\/h2>\n\n\n\n<figure class=\"wp-block-table\"><table><tbody><tr><td><img alt=\"\" src=\"https:\/\/lmosteo.com\/files\/lmo6.4.png\"><\/td><td><img alt=\"\" src=\"https:\/\/lmosteo.com\/files\/lmo6.5.png\"><\/td><td>&nbsp;<\/td><\/tr><\/tbody><\/table><\/figure>\n\n\n\n<p>Wie kann man die peripheren Nerven auf einfache und schnelle Weise in den Ablauf der osteopathischen Untersuchung einbinden?<\/p>\n\n\n\n<p>In diesem Kurs werden wir sehen, dass die ertastbaren peripheren Hauptnerven auf einfache Weise anhand ausgew\u00e4hlter und gut ermittelter Schl\u00fcsselpunkte evaluiert (Tests) und behandelt (<em>Recoil<\/em>) werden k\u00f6nnen.<\/p>\n\n\n\n<p>Dank der Anatomie, dem unbestrittenen Referenzmodell, kann eine \u00dcbereinstimmung zwischen den Schl\u00fcsselpunkten des Nervensystems und den wichtigsten Akupunkturpunkten hergestellt werden, was weitere faszinierende Perspektiven er\u00f6ffnet.<\/p>\n\n\n\n<p>Die zahlreichen therapeutischen Anwendungen (chronische oder akute Schmerzen, St\u00f6rungen des vegetativen Nervensystems, Immunsystem, Stress, Schlaf, usw.) sind durch mehr als zw\u00f6lf Jahre klinische Erfahrung erwiesen.<\/p>\n\n\n\n<p>Dieser Kurs wird mit anatomischen Dissektionen und Schemata des Dozententeams besonders anschaulich gestaltet.<\/p>\n\n\n\n<p>Ein wichtiger Kurs, der eine besondere Verbindung zwischen Osteopathie und Akupunktur herstellt.<\/p>\n\n\n\n<h2 id=\"section1\">Programm:<\/h2>\n\n\n\n<p><strong>1. Tag<\/strong>&nbsp;(8 Stunden)<\/p>\n\n\n\n<p><strong>Morgen:&nbsp;<\/strong><\/p>\n\n\n\n<p>Einf\u00fchrung zum LMO-Konzept der neuralen L\u00e4sion, Physiologie und Pathologie des peripheren Nervensystems, \u00dcberschneidungen mit der Akupunktur, Verfahren der Lokalisierung, Untersuchung, Hierarchisierung und Behandlung des neuralen Schl\u00fcsselpunktes (Theorie).<\/p>\n\n\n\n<p>Demonstration der Untersuchung und Behandlung der Nerven.<\/p>\n\n\n\n<p>Ertasten des Nervs (Praxis).<\/p>\n\n\n\n<p><strong>Nachmittag:<\/strong><\/p>\n\n\n\n<p>Theorie, Klinik und Praxis der Spinalnerven: Nervus occipitalis major, posteriore \u00c4ste der Nn cervicales, Punctum nervosum, Nervus occipitalis minor, Nervus auricularis magnus, Nervus phrenicus, Nervus suprascapularis und Plexus brachialis. Provokationstests, Inhibitionstests und Recoil.<\/p>\n\n\n\n<p><strong>2. Tag&nbsp;<\/strong>(8 Stunden)<\/p>\n\n\n\n<p><strong>Morgen:&nbsp;<\/strong><\/p>\n\n\n\n<p>Theorie, Klinik und Praxis der Nerven der oberen Extremit\u00e4t: Nervus radialis, Nervus cutaneus antebrachii lateralis, Nervus medianus und Nervus ulnaris. Provokationstests, Inhibitionstests und Recoil.&nbsp;&nbsp;&nbsp;&nbsp;&nbsp;&nbsp;&nbsp;&nbsp;&nbsp;&nbsp;&nbsp;&nbsp;&nbsp;&nbsp;&nbsp;&nbsp;&nbsp;&nbsp;&nbsp;&nbsp;&nbsp;&nbsp;&nbsp;&nbsp;&nbsp;&nbsp;&nbsp;&nbsp;&nbsp;&nbsp;&nbsp;&nbsp;&nbsp;&nbsp;&nbsp;&nbsp;&nbsp;&nbsp;&nbsp;&nbsp;&nbsp;&nbsp;&nbsp;&nbsp;<\/p>\n\n\n\n<p><strong>Nachmittag:<\/strong><\/p>\n\n\n\n<p>Theorie, Klinik und Praxis der Nerven des Plexus lumbalis: Nervus iliohypogastricus, Nervus ilioinguinalis, Nervus cutaneus femoris lateralis, Nervus obturatorius, Nervus femoralis und Nervus saphenus. Provokationstests, Inhibitionstests und Recoil.&nbsp;&nbsp;&nbsp;&nbsp;&nbsp;&nbsp;&nbsp;&nbsp;&nbsp;&nbsp;&nbsp;&nbsp;&nbsp;&nbsp;&nbsp;&nbsp;&nbsp;&nbsp;&nbsp;&nbsp;&nbsp;&nbsp;&nbsp;&nbsp;&nbsp;&nbsp;&nbsp;&nbsp;&nbsp;&nbsp;&nbsp;&nbsp;&nbsp;&nbsp;&nbsp;&nbsp;&nbsp;&nbsp;&nbsp;&nbsp;&nbsp;&nbsp;&nbsp;&nbsp;<\/p>\n\n\n\n<p><strong>3. Tag&nbsp;<\/strong>(8 Stunden)&nbsp;&nbsp;&nbsp;&nbsp;&nbsp;&nbsp;&nbsp;&nbsp;&nbsp;&nbsp;&nbsp;&nbsp;&nbsp;&nbsp;&nbsp;&nbsp;&nbsp;&nbsp;&nbsp;&nbsp;&nbsp;&nbsp;&nbsp;&nbsp;&nbsp;&nbsp;&nbsp;&nbsp;&nbsp;&nbsp;&nbsp;&nbsp;&nbsp;&nbsp;&nbsp;&nbsp;&nbsp;&nbsp;&nbsp;&nbsp;&nbsp;&nbsp;&nbsp;&nbsp;&nbsp;&nbsp;&nbsp;&nbsp;&nbsp;&nbsp;&nbsp;&nbsp;&nbsp;&nbsp;&nbsp;&nbsp;&nbsp;&nbsp;&nbsp;&nbsp;&nbsp;&nbsp;&nbsp;&nbsp;<\/p>\n\n\n\n<p><strong>Morgen:&nbsp;<\/strong><\/p>\n\n\n\n<p>Theorie, Klinik und Praxis des Nervus ischiadicus: Nervus tibialis, Nervus fibularis und Nervus suralis. Provokationstests, Inhibitionstests und Recoil.<strong>&nbsp;&nbsp;&nbsp;&nbsp;&nbsp;&nbsp;&nbsp;&nbsp;&nbsp;&nbsp;&nbsp;&nbsp;&nbsp;&nbsp;&nbsp;&nbsp;&nbsp;&nbsp;&nbsp;&nbsp;&nbsp;&nbsp;&nbsp;&nbsp;&nbsp;&nbsp;<\/strong><\/p>\n\n\n\n<p><strong>Nachmittag:&nbsp;<\/strong><\/p>\n\n\n\n<p>Zusammenfassung und praktisches \u00dcben einer vollst\u00e4ndigen Behandlung des peripheren Nervensystems.<\/p>\n\n\n\n<p><strong>Anmeldungen:<\/strong> <\/p>\n\n\n\n<p>Mitglieder LMO Suisse und\/oder LMO France\/International:<\/p>\n\n\n<div id=\"vfb-form-122\" class=\"visual-form-builder-container\"><form id=\"mitglieder-lmo-6-die-nerven-07-09-november-2025-122\" class=\"visual-form-builder vfb-form-122 \" method=\"post\" enctype=\"multipart\/form-data\">\n\t\t\t<input type=\"hidden\" name=\"form_id\" value=\"122\" \/><fieldset class=\"vfb-fieldset vfb-fieldset-1 mitglieder-lmo-6-die-nerven-07-09-november-2025 \" id=\"item-vfb-1552\"><div class=\"vfb-legend\"><h3>Mitglieder: LMO 6 Die Nerven, 07. - 09. November 2025<\/h3><\/div><ul class=\"vfb-section vfb-section-1\"><li class=\"vfb-item vfb-item-text  \" id=\"item-vfb-1553\"><label for=\"vfb-1553\" class=\"vfb-desc\">Name  <span class=\"vfb-required-asterisk\">*<\/span><\/label><input type=\"text\" name=\"vfb-1553\" id=\"vfb-1553\" value=\"\" class=\"vfb-text  vfb-medium  required  \" \/><\/li><li class=\"vfb-item vfb-item-text  \" id=\"item-vfb-1554\"><label for=\"vfb-1554\" class=\"vfb-desc\">Vorname  <span class=\"vfb-required-asterisk\">*<\/span><\/label><input type=\"text\" name=\"vfb-1554\" id=\"vfb-1554\" value=\"\" class=\"vfb-text  vfb-medium  required  \" \/><\/li><li class=\"vfb-item vfb-item-email  \" id=\"item-vfb-1555\"><label for=\"vfb-1555\" class=\"vfb-desc\">Email  <span class=\"vfb-required-asterisk\">*<\/span><\/label><input type=\"email\" name=\"vfb-1555\" id=\"vfb-1555\" value=\"\" class=\"vfb-text  vfb-medium  required  email \" \/><\/li><li class=\"vfb-item vfb-item-text  \" id=\"item-vfb-1556\"><label for=\"vfb-1556\" class=\"vfb-desc\">Mitgliedsnummer  <span class=\"vfb-required-asterisk\">*<\/span><\/label><input type=\"text\" name=\"vfb-1556\" id=\"vfb-1556\" value=\"\" class=\"vfb-text  vfb-medium  required  \" \/><\/li><\/ul>&nbsp;<\/fieldset><fieldset class=\"vfb-fieldset vfb-fieldset-2 kommentar \" id=\"item-vfb-1549\" style=\"display:block\"><div class=\"vfb-legend\"><h3>Kommentar<\/h3><\/div><ul class=\"vfb-section vfb-section-2\"><li class=\"vfb-item vfb-item-secret\"  style=\"display:block\"><label for=\"vfb-1550\" class=\"vfb-desc\"><\/label><input type=\"hidden\" name=\"_vfb-required-secret\" value=\"0\" \/><input type=\"hidden\" name=\"_vfb-secret\" value=\"vfb-1550\" \/><input type=\"text\" name=\"vfb-1550\" id=\"vfb-1550\" value=\"\" class=\"vfb-text  vfb-medium  {digits:true,maxlength:2,minlength:2} \" style=\"display:block\" \/><li style=\"display:none;\"><label>Cette bo\u00eete est pour la protection contre le spam - <strong>Veuillez laisser en blanc<\/strong>:<\/label><div><input name=\"vfb-spam\" \/><\/div><\/li>\n\t\t\t<li class=\"vfb-item vfb-item-submit\" id=\"item-vfb-1551\">\n\t\t\t\t\t\t<input type=\"submit\" name=\"vfb-submit\" id=\"vfb-1551\" value=\"Senden\" class=\"vfb-submit \" \/>\n\t\t\t\t\t\t<\/li><\/ul>\n\t\t\t<\/fieldset><input type=\"hidden\" name=\"_wp_http_referer\" value=\"\/wordpress\/index.php?rest_route=%2Fwp%2Fv2%2Fpages%2F2915\" \/><\/form><\/div> <!-- .visual-form-builder-container -->\n\n\n\n<p>Nicht-Mitglieder: <\/p>\n\n\n<div id=\"vfb-form-121\" class=\"visual-form-builder-container\"><form id=\"nichtmitglieder-lmo-6-die-nerven-07-09-november-2025-121\" class=\"visual-form-builder vfb-form-121 \" method=\"post\" enctype=\"multipart\/form-data\">\n\t\t\t<input type=\"hidden\" name=\"form_id\" value=\"121\" \/><fieldset class=\"vfb-fieldset vfb-fieldset-1 nichtmitglieder-lmo-6-die-nerven-07-09-november-2025 \" id=\"item-vfb-1539\"><div class=\"vfb-legend\"><h3>Nichtmitglieder: LMO 6 Die Nerven, 07. - 09. November 2025<\/h3><\/div><ul class=\"vfb-section vfb-section-1\"><li class=\"vfb-item vfb-item-text  \" id=\"item-vfb-1540\"><label for=\"vfb-1540\" class=\"vfb-desc\">Name  <span class=\"vfb-required-asterisk\">*<\/span><\/label><input type=\"text\" name=\"vfb-1540\" id=\"vfb-1540\" value=\"\" class=\"vfb-text  vfb-medium  required  \" \/><\/li><li class=\"vfb-item vfb-item-text  \" id=\"item-vfb-1541\"><label for=\"vfb-1541\" class=\"vfb-desc\">Vorname  <span class=\"vfb-required-asterisk\">*<\/span><\/label><input type=\"text\" name=\"vfb-1541\" id=\"vfb-1541\" value=\"\" class=\"vfb-text  vfb-medium  required  \" \/><\/li><li class=\"vfb-item vfb-item-email  \" id=\"item-vfb-1543\"><label for=\"vfb-1543\" class=\"vfb-desc\">Email  <span class=\"vfb-required-asterisk\">*<\/span><\/label><input type=\"email\" name=\"vfb-1543\" id=\"vfb-1543\" value=\"\" class=\"vfb-text  vfb-medium  required  email \" \/><\/li><li class=\"vfb-item vfb-item-text  \" id=\"item-vfb-1542\"><label for=\"vfb-1542\" class=\"vfb-desc\">Strasse  <span class=\"vfb-required-asterisk\">*<\/span><\/label><input type=\"text\" name=\"vfb-1542\" id=\"vfb-1542\" value=\"\" class=\"vfb-text  vfb-medium  required  \" \/><\/li><li class=\"vfb-item vfb-item-text  \" id=\"item-vfb-1544\"><label for=\"vfb-1544\" class=\"vfb-desc\">Hausnummer  <span class=\"vfb-required-asterisk\">*<\/span><\/label><input type=\"text\" name=\"vfb-1544\" id=\"vfb-1544\" value=\"\" class=\"vfb-text  vfb-medium  required  \" \/><\/li><li class=\"vfb-item vfb-item-text  \" id=\"item-vfb-1545\"><label for=\"vfb-1545\" class=\"vfb-desc\">Postleitzahl  <span class=\"vfb-required-asterisk\">*<\/span><\/label><input type=\"text\" name=\"vfb-1545\" id=\"vfb-1545\" value=\"\" class=\"vfb-text  vfb-medium  required  \" \/><\/li><li class=\"vfb-item vfb-item-text  \" id=\"item-vfb-1546\"><label for=\"vfb-1546\" class=\"vfb-desc\">Ort  <span class=\"vfb-required-asterisk\">*<\/span><\/label><input type=\"text\" name=\"vfb-1546\" id=\"vfb-1546\" value=\"\" class=\"vfb-text  vfb-medium  required  \" \/><\/li><li class=\"vfb-item vfb-item-text  \" id=\"item-vfb-1547\"><label for=\"vfb-1547\" class=\"vfb-desc\">Land  <span class=\"vfb-required-asterisk\">*<\/span><\/label><input type=\"text\" name=\"vfb-1547\" id=\"vfb-1547\" value=\"\" class=\"vfb-text  vfb-medium  required  \" \/><\/li><li class=\"vfb-item vfb-item-text  \" id=\"item-vfb-1548\"><label for=\"vfb-1548\" class=\"vfb-desc\">Datum LMO 1 Einf\u00fchrung <\/label><input type=\"text\" name=\"vfb-1548\" id=\"vfb-1548\" value=\"\" class=\"vfb-text  vfb-medium   \" \/><\/li><\/ul>&nbsp;<\/fieldset><fieldset class=\"vfb-fieldset vfb-fieldset-2 kommentar \" id=\"item-vfb-1536\" style=\"display:block\"><div class=\"vfb-legend\"><h3>Kommentar<\/h3><\/div><ul class=\"vfb-section vfb-section-2\"><li class=\"vfb-item vfb-item-secret\"  style=\"display:block\"><label for=\"vfb-1537\" class=\"vfb-desc\"><\/label><input type=\"hidden\" name=\"_vfb-required-secret\" value=\"0\" \/><input type=\"hidden\" name=\"_vfb-secret\" value=\"vfb-1537\" \/><input type=\"text\" name=\"vfb-1537\" id=\"vfb-1537\" value=\"\" class=\"vfb-text  vfb-medium  {digits:true,maxlength:2,minlength:2} \" style=\"display:block\" \/><li style=\"display:none;\"><label>Cette bo\u00eete est pour la protection contre le spam - <strong>Veuillez laisser en blanc<\/strong>:<\/label><div><input name=\"vfb-spam\" \/><\/div><\/li>\n\t\t\t<li class=\"vfb-item vfb-item-submit\" id=\"item-vfb-1538\">\n\t\t\t\t\t\t<input type=\"submit\" name=\"vfb-submit\" id=\"vfb-1538\" value=\"Senden\" class=\"vfb-submit \" \/>\n\t\t\t\t\t\t<\/li><\/ul>\n\t\t\t<\/fieldset><input type=\"hidden\" name=\"_wp_http_referer\" value=\"\/wordpress\/index.php?rest_route=%2Fwp%2Fv2%2Fpages%2F2915\" \/><\/form><\/div> <!-- .visual-form-builder-container -->\n\n\n\n<p>Studenten \/ Assistenten:<\/p>\n\n\n<div id=\"vfb-form-120\" class=\"visual-form-builder-container\"><form id=\"student-assistent-lmo-6-die-nerven-07-09-november-2025-120\" class=\"visual-form-builder vfb-form-120 \" method=\"post\" enctype=\"multipart\/form-data\">\n\t\t\t<input type=\"hidden\" name=\"form_id\" value=\"120\" \/><fieldset class=\"vfb-fieldset vfb-fieldset-1 student-assistent-lmo-6-die-nerven-07-09-november-2025 \" id=\"item-vfb-1525\"><div class=\"vfb-legend\"><h3>Student\/Assistent: LMO 6 Die Nerven, 07. - 09. November 2025<\/h3><\/div><ul class=\"vfb-section vfb-section-1\"><li class=\"vfb-item vfb-item-text  \" id=\"item-vfb-1526\"><label for=\"vfb-1526\" class=\"vfb-desc\">Name  <span class=\"vfb-required-asterisk\">*<\/span><\/label><input type=\"text\" name=\"vfb-1526\" id=\"vfb-1526\" value=\"\" class=\"vfb-text  vfb-medium  required  \" \/><\/li><li class=\"vfb-item vfb-item-text  \" id=\"item-vfb-1527\"><label for=\"vfb-1527\" class=\"vfb-desc\">Vorname  <span class=\"vfb-required-asterisk\">*<\/span><\/label><input type=\"text\" name=\"vfb-1527\" id=\"vfb-1527\" value=\"\" class=\"vfb-text  vfb-medium  required  \" \/><\/li><li class=\"vfb-item vfb-item-email  \" id=\"item-vfb-1529\"><label for=\"vfb-1529\" class=\"vfb-desc\">Email  <span class=\"vfb-required-asterisk\">*<\/span><\/label><input type=\"email\" name=\"vfb-1529\" id=\"vfb-1529\" value=\"\" class=\"vfb-text  vfb-medium  required  email \" \/><\/li><li class=\"vfb-item vfb-item-text  \" id=\"item-vfb-1528\"><label for=\"vfb-1528\" class=\"vfb-desc\">Strasse  <span class=\"vfb-required-asterisk\">*<\/span><\/label><input type=\"text\" name=\"vfb-1528\" id=\"vfb-1528\" value=\"\" class=\"vfb-text  vfb-medium  required  \" \/><\/li><li class=\"vfb-item vfb-item-text  \" id=\"item-vfb-1530\"><label for=\"vfb-1530\" class=\"vfb-desc\">Hausnummer  <span class=\"vfb-required-asterisk\">*<\/span><\/label><input type=\"text\" name=\"vfb-1530\" id=\"vfb-1530\" value=\"\" class=\"vfb-text  vfb-medium  required  \" \/><\/li><li class=\"vfb-item vfb-item-text  \" id=\"item-vfb-1531\"><label for=\"vfb-1531\" class=\"vfb-desc\">Postleitzahl  <span class=\"vfb-required-asterisk\">*<\/span><\/label><input type=\"text\" name=\"vfb-1531\" id=\"vfb-1531\" value=\"\" class=\"vfb-text  vfb-medium  required  \" \/><\/li><li class=\"vfb-item vfb-item-text  \" id=\"item-vfb-1532\"><label for=\"vfb-1532\" class=\"vfb-desc\">Ort  <span class=\"vfb-required-asterisk\">*<\/span><\/label><input type=\"text\" name=\"vfb-1532\" id=\"vfb-1532\" value=\"\" class=\"vfb-text  vfb-medium  required  \" \/><\/li><li class=\"vfb-item vfb-item-text  \" id=\"item-vfb-1533\"><label for=\"vfb-1533\" class=\"vfb-desc\">Land  <span class=\"vfb-required-asterisk\">*<\/span><\/label><input type=\"text\" name=\"vfb-1533\" id=\"vfb-1533\" value=\"\" class=\"vfb-text  vfb-medium  required  \" \/><\/li><li class=\"vfb-item vfb-item-text  \" id=\"item-vfb-1534\"><label for=\"vfb-1534\" class=\"vfb-desc\">Datum LMO1 Einf\u00fchrung <\/label><input type=\"text\" name=\"vfb-1534\" id=\"vfb-1534\" value=\"\" class=\"vfb-text  vfb-medium   \" \/><\/li><li class=\"vfb-item vfb-item-text  \" id=\"item-vfb-1535\"><label for=\"vfb-1535\" class=\"vfb-desc\">Ort des Studiums \/ CH-Arbeitgeber  <span class=\"vfb-required-asterisk\">*<\/span><\/label><input type=\"text\" name=\"vfb-1535\" id=\"vfb-1535\" value=\"\" class=\"vfb-text  vfb-medium  required  \" \/><\/li><\/ul>&nbsp;<\/fieldset><fieldset class=\"vfb-fieldset vfb-fieldset-2 kommentar \" id=\"item-vfb-1522\" style=\"display:block\"><div class=\"vfb-legend\"><h3>Kommentar<\/h3><\/div><ul class=\"vfb-section vfb-section-2\"><li class=\"vfb-item vfb-item-secret\"  style=\"display:block\"><label for=\"vfb-1523\" class=\"vfb-desc\"><\/label><input type=\"hidden\" name=\"_vfb-required-secret\" value=\"0\" \/><input type=\"hidden\" name=\"_vfb-secret\" value=\"vfb-1523\" \/><input type=\"text\" name=\"vfb-1523\" id=\"vfb-1523\" value=\"\" class=\"vfb-text  vfb-medium  {digits:true,maxlength:2,minlength:2} \" style=\"display:block\" \/><li style=\"display:none;\"><label>Cette bo\u00eete est pour la protection contre le spam - <strong>Veuillez laisser en blanc<\/strong>:<\/label><div><input name=\"vfb-spam\" \/><\/div><\/li>\n\t\t\t<li class=\"vfb-item vfb-item-submit\" id=\"item-vfb-1524\">\n\t\t\t\t\t\t<input type=\"submit\" name=\"vfb-submit\" id=\"vfb-1524\" value=\"Senden\" class=\"vfb-submit \" \/>\n\t\t\t\t\t\t<\/li><\/ul>\n\t\t\t<\/fieldset><input type=\"hidden\" name=\"_wp_http_referer\" value=\"\/wordpress\/index.php?rest_route=%2Fwp%2Fv2%2Fpages%2F2915\" \/><\/form><\/div> <!-- .visual-form-builder-container -->\n\n\n\n<p><strong>QR Code f\u00fcr die Bezahlung der Kursgeb\u00fchr:<\/strong><\/p>\n\n\n\n<p>Zu benutzen nach der Anmeldung.<\/p>\n\n\n\n<figure class=\"wp-block-image size-full\"><img loading=\"lazy\" width=\"992\" height=\"698\" src=\"http:\/\/ap-vf-lmo.ch\/wordpress\/wp-content\/uploads\/2023\/04\/QR-paiement-libre.png\" alt=\"\" class=\"wp-image-2307\" srcset=\"http:\/\/ap-vf-lmo.ch\/wordpress\/wp-content\/uploads\/2023\/04\/QR-paiement-libre.png 992w, http:\/\/ap-vf-lmo.ch\/wordpress\/wp-content\/uploads\/2023\/04\/QR-paiement-libre-300x211.png 300w, http:\/\/ap-vf-lmo.ch\/wordpress\/wp-content\/uploads\/2023\/04\/QR-paiement-libre-768x540.png 768w, http:\/\/ap-vf-lmo.ch\/wordpress\/wp-content\/uploads\/2023\/04\/QR-paiement-libre-130x90.png 130w\" sizes=\"(max-width: 992px) 100vw, 992px\" \/><\/figure>\n","protected":false},"excerpt":{"rendered":"<p>Datum: Freitag, 07. bis Sonntag, 09. November 2025 Zeiten: Morgens 08.45 &#8211; 12.15Nachmittags 13.30 &#8211; 17.30 Attestierte Weiterbildungsstunden: 22.5 h<\/p>\n","protected":false},"author":1,"featured_media":0,"parent":0,"menu_order":0,"comment_status":"closed","ping_status":"closed","template":"","meta":[],"_links":{"self":[{"href":"http:\/\/ap-vf-lmo.ch\/wordpress\/index.php?rest_route=\/wp\/v2\/pages\/2915"}],"collection":[{"href":"http:\/\/ap-vf-lmo.ch\/wordpress\/index.php?rest_route=\/wp\/v2\/pages"}],"about":[{"href":"http:\/\/ap-vf-lmo.ch\/wordpress\/index.php?rest_route=\/wp\/v2\/types\/page"}],"author":[{"embeddable":true,"href":"http:\/\/ap-vf-lmo.ch\/wordpress\/index.php?rest_route=\/wp\/v2\/users\/1"}],"replies":[{"embeddable":true,"href":"http:\/\/ap-vf-lmo.ch\/wordpress\/index.php?rest_route=%2Fwp%2Fv2%2Fcomments&post=2915"}],"version-history":[{"count":12,"href":"http:\/\/ap-vf-lmo.ch\/wordpress\/index.php?rest_route=\/wp\/v2\/pages\/2915\/revisions"}],"predecessor-version":[{"id":2984,"href":"http:\/\/ap-vf-lmo.ch\/wordpress\/index.php?rest_route=\/wp\/v2\/pages\/2915\/revisions\/2984"}],"wp:attachment":[{"href":"http:\/\/ap-vf-lmo.ch\/wordpress\/index.php?rest_route=%2Fwp%2Fv2%2Fmedia&parent=2915"}],"curies":[{"name":"wp","href":"https:\/\/api.w.org\/{rel}","templated":true}]}}