{"id":737,"date":"2017-11-01T16:30:09","date_gmt":"2017-11-01T16:30:09","guid":{"rendered":"http:\/\/ap-vf-lmo.ch\/wordpress\/?page_id=737"},"modified":"2021-02-15T20:02:09","modified_gmt":"2021-02-15T20:02:09","slug":"formation-actuelle-du-lmo","status":"publish","type":"page","link":"http:\/\/ap-vf-lmo.ch\/wordpress\/?page_id=737&lang=fr","title":{"rendered":"Formation actuelle du LMO."},"content":{"rendered":"<p><strong>Formation du LMO ( nouvelle formule)<br \/>\n<\/strong><\/p>\n<p>Voici quelques mots d\u2019explication\u00a0sur l\u2019enseignement du LMO.<\/p>\n<p><a href=\"https:\/\/lmosteo.com\/formation-de-base\"><strong><u>Premier niveau\u00a0<\/u><\/strong>:<\/a><\/p>\n<p>En France et en Allemagne, plusieurs coll\u00e8ges d\u2019ost\u00e9opathie \u00e0 temps plein enseignent actuellement le LMO \u00e0 leurs \u00e9tudiants, sans d\u00e9passer toutefois le LMO 4 (Le visc\u00e9ral).<\/p>\n<p><a href=\"https:\/\/lmosteo.com\/formation-de-base\"><strong><u>Deuxi\u00e8me niveau\u00a0<\/u><\/strong>:<\/a><\/p>\n<p>Pour les ost\u00e9opathes diplom\u00e9s, sont organis\u00e9s six s\u00e9minaires de trois jours durant lesquels sont enseign\u00e9s les<strong> tests de base.<\/strong><\/p>\n<p><a href=\"https:\/\/lmosteo.com\/introduction-du-lmo-dans-votre-pratique-par-le-rachis-et-le-thorax\">LMO 1\u00a0:<\/a> Le concept LMO appliqu\u00e9 au rachis, au thorax et aux membres.<\/p>\n<p><a href=\"https:\/\/lmosteo.com\/le-peripherique-osteo-articulaire\">LMO 2\u00a0<\/a>: Le p\u00e9riph\u00e9rique ost\u00e9o-articulaire.<\/p>\n<p><a href=\"https:\/\/lmosteo.com\/le-crane\">LMO 3<\/a>\u00a0: Le cr\u00e2ne<\/p>\n<p><a href=\"https:\/\/lmosteo.com\/le-visceral\">LMO 4\u00a0<\/a>: Le visc\u00e9ral.<\/p>\n<p><a href=\"https:\/\/lmosteo.com\/le-systeme-vasculaire\">LMO 5\u00a0<\/a>: Le syst\u00e8me vasculaire<\/p>\n<p><a href=\"https:\/\/lmosteo.com\/le-systeme-nerveux-peripherique\">LMO 6<\/a>\u00a0: Le syst\u00e8me nerveux p\u00e9riph\u00e9rique<\/p>\n<p><a href=\"https:\/\/lmosteo.com\/formation-avancee\"><strong><u>Troisi\u00e8me niveau\u00a0<\/u><\/strong>:<\/a><\/p>\n<p>Pour les ost\u00e9opathes qui ont suivi l\u2019ensemble de la formation de ces 6 LMO, sont organis\u00e9s, une \u00e0 deux fois par an, des<strong> Masterclass <\/strong>de trois jours, durant lesquels leur sont pr\u00e9sent\u00e9s, non seulement, des <strong>tests avanc\u00e9s<\/strong> qui affineront leur examen du patient, mais \u00e9galement, les derni\u00e8res recherches qui ont \u00e9t\u00e9 men\u00e9es dans le cadre du LMO.<\/p>\n<p>Actuellement, sont programm\u00e9s, dans la formation du LMO, quatre Masterclass (le n\u00b03 a eu lieu en septembre 2017 au CSO de Nanterre)\u00a0:<\/p>\n<ul>\n<li>Le<a href=\"https:\/\/lmosteo.com\/master-1-systeme-osteo-articulaire\"> Masterclass 1<\/a> intitul\u00e9 \u00ab\u00a0Le syst\u00e8me ost\u00e9o-articulaire\u00a0\u00bb<\/li>\n<li>Le <a href=\"https:\/\/lmosteo.com\/master-2-systeme-visceral-et-systeme-vasculaire\">Masterclass 2<\/a> intitul\u00e9 \u00ab\u00a0Le syst\u00e8me visc\u00e9ral et le syst\u00e8me vasculaire\u00a0\u00bb<\/li>\n<li>Le <a href=\"https:\/\/lmosteo.com\/master-3-systeme-nerveux-peripherique-et-central\">Masterclass 3<\/a> intitul\u00e9 \u00ab\u00a0Le syst\u00e8me nerveux p\u00e9riph\u00e9rique et central\u00a0\u00bb<\/li>\n<li>Le<a href=\"https:\/\/lmosteo.com\/master-4-crane-et-systeme-vestibulaire\"> Masterclass 4<\/a> intitul\u00e9 \u00ab\u00a0Le cr\u00e2ne et le syst\u00e8me vestibulaire\u00a0\u00bb<\/li>\n<\/ul>\n<p><a href=\"https:\/\/lmosteo.com\/agenda-des-formations\">Calendrier <\/a><\/p>\n<p>Pour conna\u00eetre les dates et les lieu des 6 LMO et des Masterclass, consulter www.lmoweb.com<\/p>\n<p><a href=\"https:\/\/lmosteo.com\/les-enseignants\"><strong><u>Quatri\u00e8me niveau\u00a0<\/u><\/strong>:<\/a><\/p>\n<p>Pour les ost\u00e9opathes qui ont suivi deux fois la totalit\u00e9 de la formation et qui pratiquent exclusivement le LMO en cabinet, il est possible de devenir des <strong>assistants<\/strong>.<\/p>\n<p>Cette \u00e9tape va leur permettre, en entrant dans l\u2019enseignement, d\u2019am\u00e9liorer consid\u00e9rablement leur pratique.<\/p>\n<p>La structure de l\u2019enseignement du LMO telle qu\u2019elle est pr\u00e9sent\u00e9e ici permet \u00e0 l\u2019\u00e9tudiant de progresser \u00e0 son propre rythme .<\/p>\n<p>De plus, les nouveaux tests et la recherche qui alourdissait jadis l\u2019enseignement constitue maintenant le programme des Masterclass uniquement.<\/p>\n<p>Cela fait deux ans, maintenant, que l\u2019enseignement du LMO est structur\u00e9 de la sorte. Les bons r\u00e9sultats nous montrent que la formule est bien adapt\u00e9e.<\/p>\n","protected":false},"excerpt":{"rendered":"<p>Formation du LMO ( nouvelle formule) Voici quelques mots d\u2019explication\u00a0sur l\u2019enseignement du LMO. Premier niveau\u00a0: En France et en Allemagne,<\/p>\n","protected":false},"author":1,"featured_media":0,"parent":741,"menu_order":0,"comment_status":"closed","ping_status":"closed","template":"","meta":[],"_links":{"self":[{"href":"http:\/\/ap-vf-lmo.ch\/wordpress\/index.php?rest_route=\/wp\/v2\/pages\/737"}],"collection":[{"href":"http:\/\/ap-vf-lmo.ch\/wordpress\/index.php?rest_route=\/wp\/v2\/pages"}],"about":[{"href":"http:\/\/ap-vf-lmo.ch\/wordpress\/index.php?rest_route=\/wp\/v2\/types\/page"}],"author":[{"embeddable":true,"href":"http:\/\/ap-vf-lmo.ch\/wordpress\/index.php?rest_route=\/wp\/v2\/users\/1"}],"replies":[{"embeddable":true,"href":"http:\/\/ap-vf-lmo.ch\/wordpress\/index.php?rest_route=%2Fwp%2Fv2%2Fcomments&post=737"}],"version-history":[{"count":5,"href":"http:\/\/ap-vf-lmo.ch\/wordpress\/index.php?rest_route=\/wp\/v2\/pages\/737\/revisions"}],"predecessor-version":[{"id":2040,"href":"http:\/\/ap-vf-lmo.ch\/wordpress\/index.php?rest_route=\/wp\/v2\/pages\/737\/revisions\/2040"}],"up":[{"embeddable":true,"href":"http:\/\/ap-vf-lmo.ch\/wordpress\/index.php?rest_route=\/wp\/v2\/pages\/741"}],"wp:attachment":[{"href":"http:\/\/ap-vf-lmo.ch\/wordpress\/index.php?rest_route=%2Fwp%2Fv2%2Fmedia&parent=737"}],"curies":[{"name":"wp","href":"https:\/\/api.w.org\/{rel}","templated":true}]}}