{"id":1703,"date":"2020-07-02T20:14:21","date_gmt":"2020-07-02T20:14:21","guid":{"rendered":"http:\/\/ap-vf-lmo.ch\/wordpress\/?page_id=1703"},"modified":"2021-01-10T15:38:38","modified_gmt":"2021-01-10T15:38:38","slug":"revision-lmo-arterien","status":"publish","type":"page","link":"https:\/\/ap-vf-lmo.ch\/wordpress\/?page_id=1703&lang=de","title":{"rendered":"Revision LMO 5: Arterien und LMO 2: Peripherie"},"content":{"rendered":"\n<div class=\"wp-block-group\"><div class=\"wp-block-group__inner-container\">\n<p><strong class=\"\">Datum:&nbsp;<\/strong><s>8. Oktober 2020<\/s> verschoben auf <\/p>\n\n\n\n<p><strong>Samstag 30. und Sonntag 31. Januar 2021<\/strong><\/p>\n\n\n\n<p><strong class=\"\">Kosten:<\/strong>&nbsp;360 CHF<\/p>\n\n\n\n<p><strong class=\"\">Zeiten:<\/strong><\/p>\n\n\n\n<ul><li class=\"\">Morgens &nbsp; &nbsp; &nbsp; &nbsp;&nbsp;08.45&nbsp; &#8211;&nbsp; 12.15<\/li><li class=\"\">Nachmittags&nbsp;&nbsp;13.30&nbsp; &#8211;&nbsp; 17.30<\/li><\/ul>\n\n\n\n<p><strong class=\"\">Attestierte Weiterbildungsstunden: 15 h<\/strong><\/p>\n\n\n\n<p><strong class=\"\">Kursort:&nbsp;<\/strong>Bern<\/p>\n\n\n\n<p><a href=\"x-apple-data-detectors:\/\/5\"><\/a><a href=\"https:\/\/ap-vf-lmo.ch\/wordpress\/?page_id=1089&amp;lang=de\">Sela Zentrum, Gartenstadtstrasse 7,&nbsp;3098 K\u00f6niz<\/a><\/p>\n<\/div><\/div>\n\n\n\n<p><strong>Kursleiter<\/strong><\/p>\n\n\n\n<div class=\"wp-block-image\"><figure class=\"alignleft\"><img loading=\"lazy\" width=\"195\" height=\"300\" src=\"http:\/\/ap-vf-lmo.ch\/wordpress\/wp-content\/uploads\/2019\/05\/Lionel-Fleuri-1-195x300.png\" alt=\"\" class=\"wp-image-1400\" srcset=\"https:\/\/ap-vf-lmo.ch\/wordpress\/wp-content\/uploads\/2019\/05\/Lionel-Fleuri-1-195x300.png 195w, https:\/\/ap-vf-lmo.ch\/wordpress\/wp-content\/uploads\/2019\/05\/Lionel-Fleuri-1-768x1184.png 768w, https:\/\/ap-vf-lmo.ch\/wordpress\/wp-content\/uploads\/2019\/05\/Lionel-Fleuri-1-664x1024.png 664w, https:\/\/ap-vf-lmo.ch\/wordpress\/wp-content\/uploads\/2019\/05\/Lionel-Fleuri-1.png 1338w\" sizes=\"(max-width: 195px) 100vw, 195px\" \/><\/figure><\/div>\n\n\n\n<p><strong>Lionel Fleury<\/strong>, Osteopath GDK, Mitglied des Schweizerischen Verbands der Osteopathen SVO-FSO, Pr\u00e4sident des Vereins zur F\u00f6rderung von LMO in der Schweiz.<\/p>\n\n\n\n<p>Nach der Ausbildung zum Radiologiefachmann und einigen Jahren praktischer Erfahrung im Spital hat er 1999 an der European School of Osteopathy in Maidstone sein Diplom erhalten. W\u00e4hrend 4 Jahren war er Lehrbeauftragter und Leiter der Abteilung Funktionelle Osteopathie am Coll\u00e8ge International d\u2019Osteopathie in St.Etienne. Er war schon immer voller Begeisterung f\u00fcr eine praktische Osteopathie, die nicht nur der Lehre ihres Begr\u00fcnders treu bleibt, sondern auch Innovation und Effizienz miteinbezieht. Es ist also nicht verwunderlich, dass er sich bald der Ausbildung f\u00fcr Lien M\u00e9canique Ost\u00e9opathique zugewendet und diese 2010 abgeschlossen hat.<\/p>\n\n\n\n<p><strong>Ziel:<\/strong><\/p>\n\n\n\n<p>Revision, \u00dcbungen und Ged\u00e4chtnistraining zur Abfolge der Basistests der Untersuchung der Arterien und der Peripherie.<\/p>\n\n\n\n<p><strong>Inhalt:<\/strong><\/p>\n\n\n\n<p>Die Revisionskurse in der Schweiz haben einen besonderen Ablauf, denn in den Kursen werden die Teilnehmer m\u00f6glichst praxisnah mit der LMO-Technik vertraut gemacht.<\/p>\n\n\n\n<p>An diesen ausschliesslich praktischen Kurstagen wird die Abfolge der LMO-Tests in einer Art \u00abDrill\u00bb ge\u00fcbt, mit dem Ziel, die Testabfolge so nat\u00fcrlich wie m\u00f6glich durchzuf\u00fchren. Auf diese Weise trainieren die Therapeuten ihre H\u00e4nde und K\u00f6rper so, dass das Abtasten, wie eine Art Geb\u00e4rdensprache, sowohl pr\u00e4zis und intuitiv wird. Mit der mehrmaligen Wiederholung der Testabfolge k\u00f6nnen die Teilnehmenden schliesslich schneller und effizienter werden. Die Kurstage bieten auch gen\u00fcgend Gelegenheiten um sich mit Kolleginnen und Kollegen \u00fcber Erfahrungen, Erfolge und auch Schwierigkeiten im Zusammenhang mit LMO auszutauschen. <\/p>\n\n\n\n<p>Bedingung zur Teilnahme ist der vorg\u00e4ngige Besuch des Grundkurses (LMO 1), Arterien (LMO 5) und Peripherie (LMO 2). <\/p>\n\n\n\n<p><\/p>\n\n\n\n<p><strong>Anmeldung:<\/strong> (Mit der Anmeldung erkl\u00e4ren Sie sich einverstanden mit unserem <a href=\"https:\/\/ap-vf-lmo.ch\/wordpress\/?page_id=1751&amp;lang=de\">COVID-19 Schutzkonzept<\/a>)<\/p>\n\n\n<div id=\"vfb-form-55\" class=\"visual-form-builder-container\"><form id=\"revision-lmo-arterien-und-peripherie-jan-21-55\" class=\"visual-form-builder vfb-form-55 \" method=\"post\" enctype=\"multipart\/form-data\">\n\t\t\t<input type=\"hidden\" name=\"form_id\" value=\"55\" \/><fieldset class=\"vfb-fieldset vfb-fieldset-1 revision-lmo-arterien-und-peripherie-januar-21 \" id=\"item-vfb-702\"><div class=\"vfb-legend\"><h3>Revision LMO Arterien und Peripherie Januar 21<\/h3><\/div><ul class=\"vfb-section vfb-section-1\"><li class=\"vfb-item vfb-item-text  \" id=\"item-vfb-703\"><label for=\"vfb-703\" class=\"vfb-desc\">Name  <span class=\"vfb-required-asterisk\">*<\/span><\/label><input type=\"text\" name=\"vfb-703\" id=\"vfb-703\" value=\"\" class=\"vfb-text  vfb-medium  required  \" \/><\/li><li class=\"vfb-item vfb-item-text  \" id=\"item-vfb-704\"><label for=\"vfb-704\" class=\"vfb-desc\">Vorname  <span class=\"vfb-required-asterisk\">*<\/span><\/label><input type=\"text\" name=\"vfb-704\" id=\"vfb-704\" value=\"\" class=\"vfb-text  vfb-medium  required  \" \/><\/li><li class=\"vfb-item vfb-item-email  \" id=\"item-vfb-706\"><label for=\"vfb-706\" class=\"vfb-desc\">Email  <span class=\"vfb-required-asterisk\">*<\/span><\/label><input type=\"email\" name=\"vfb-706\" id=\"vfb-706\" value=\"\" class=\"vfb-text  vfb-medium  required  email \" \/><\/li><li class=\"vfb-item vfb-item-text  \" id=\"item-vfb-705\"><label for=\"vfb-705\" class=\"vfb-desc\">Strasse  <span class=\"vfb-required-asterisk\">*<\/span><\/label><input type=\"text\" name=\"vfb-705\" id=\"vfb-705\" value=\"\" class=\"vfb-text  vfb-medium  required  \" \/><\/li><li class=\"vfb-item vfb-item-text  \" id=\"item-vfb-707\"><label for=\"vfb-707\" class=\"vfb-desc\">Hausnummer  <span class=\"vfb-required-asterisk\">*<\/span><\/label><input type=\"text\" name=\"vfb-707\" id=\"vfb-707\" value=\"\" class=\"vfb-text  vfb-medium  required  \" \/><\/li><li class=\"vfb-item vfb-item-text  \" id=\"item-vfb-708\"><label for=\"vfb-708\" class=\"vfb-desc\">Postleitzahl  <span class=\"vfb-required-asterisk\">*<\/span><\/label><input type=\"text\" name=\"vfb-708\" id=\"vfb-708\" value=\"\" class=\"vfb-text  vfb-medium  required  \" \/><\/li><li class=\"vfb-item vfb-item-text  \" id=\"item-vfb-709\"><label for=\"vfb-709\" class=\"vfb-desc\">Ort  <span class=\"vfb-required-asterisk\">*<\/span><\/label><input type=\"text\" name=\"vfb-709\" id=\"vfb-709\" value=\"\" class=\"vfb-text  vfb-medium  required  \" \/><\/li><li class=\"vfb-item vfb-item-text  \" id=\"item-vfb-710\"><label for=\"vfb-710\" class=\"vfb-desc\">Land  <span class=\"vfb-required-asterisk\">*<\/span><\/label><input type=\"text\" name=\"vfb-710\" id=\"vfb-710\" value=\"\" class=\"vfb-text  vfb-medium  required  \" \/><\/li><li class=\"vfb-item vfb-item-text  \" id=\"item-vfb-711\"><label for=\"vfb-711\" class=\"vfb-desc\">Teilnahme Kurs LMO 1, 2 und 5: Ja \/ nein  <span class=\"vfb-required-asterisk\">*<\/span><\/label><input type=\"text\" name=\"vfb-711\" id=\"vfb-711\" value=\"\" class=\"vfb-text  vfb-medium  required  \" \/><\/li><\/ul>&nbsp;<\/fieldset><fieldset class=\"vfb-fieldset vfb-fieldset-2 senden \" id=\"item-vfb-699\" style=\"display:block\"><div class=\"vfb-legend\"><h3>Senden<\/h3><\/div><ul class=\"vfb-section vfb-section-2\"><li class=\"vfb-item vfb-item-secret\"  style=\"display:block\"><label for=\"vfb-700\" class=\"vfb-desc\"><\/label><input type=\"hidden\" name=\"_vfb-required-secret\" value=\"0\" \/><input type=\"hidden\" name=\"_vfb-secret\" value=\"vfb-700\" \/><input type=\"text\" name=\"vfb-700\" id=\"vfb-700\" value=\"\" class=\"vfb-text  vfb-medium  {digits:true,maxlength:2,minlength:2} \" style=\"display:block\" \/><li style=\"display:none;\"><label>Cette bo\u00eete est pour la protection contre le spam - <strong>Veuillez laisser en blanc<\/strong>:<\/label><div><input name=\"vfb-spam\" \/><\/div><\/li>\n\t\t\t<li class=\"vfb-item vfb-item-submit\" id=\"item-vfb-701\">\n\t\t\t\t\t\t<input type=\"submit\" name=\"vfb-submit\" id=\"vfb-701\" value=\"Senden\" class=\"vfb-submit \" \/>\n\t\t\t\t\t\t<\/li><\/ul>\n\t\t\t<\/fieldset><input type=\"hidden\" name=\"_wp_http_referer\" value=\"\/wordpress\/index.php?rest_route=%2Fwp%2Fv2%2Fpages%2F1703\" \/><\/form><\/div> <!-- .visual-form-builder-container -->\n","protected":false},"excerpt":{"rendered":"<p>Datum:&nbsp;8. Oktober 2020 verschoben auf Samstag 30. und Sonntag 31. Januar 2021 Kosten:&nbsp;360 CHF Zeiten: Morgens &nbsp; &nbsp; &nbsp; &nbsp;&nbsp;08.45&nbsp;<\/p>\n","protected":false},"author":1,"featured_media":0,"parent":0,"menu_order":0,"comment_status":"closed","ping_status":"closed","template":"","meta":[],"_links":{"self":[{"href":"https:\/\/ap-vf-lmo.ch\/wordpress\/index.php?rest_route=\/wp\/v2\/pages\/1703"}],"collection":[{"href":"https:\/\/ap-vf-lmo.ch\/wordpress\/index.php?rest_route=\/wp\/v2\/pages"}],"about":[{"href":"https:\/\/ap-vf-lmo.ch\/wordpress\/index.php?rest_route=\/wp\/v2\/types\/page"}],"author":[{"embeddable":true,"href":"https:\/\/ap-vf-lmo.ch\/wordpress\/index.php?rest_route=\/wp\/v2\/users\/1"}],"replies":[{"embeddable":true,"href":"https:\/\/ap-vf-lmo.ch\/wordpress\/index.php?rest_route=%2Fwp%2Fv2%2Fcomments&post=1703"}],"version-history":[{"count":8,"href":"https:\/\/ap-vf-lmo.ch\/wordpress\/index.php?rest_route=\/wp\/v2\/pages\/1703\/revisions"}],"predecessor-version":[{"id":1937,"href":"https:\/\/ap-vf-lmo.ch\/wordpress\/index.php?rest_route=\/wp\/v2\/pages\/1703\/revisions\/1937"}],"wp:attachment":[{"href":"https:\/\/ap-vf-lmo.ch\/wordpress\/index.php?rest_route=%2Fwp%2Fv2%2Fmedia&parent=1703"}],"curies":[{"name":"wp","href":"https:\/\/api.w.org\/{rel}","templated":true}]}}