{"id":186,"date":"2016-03-07T15:05:44","date_gmt":"2016-03-07T15:05:44","guid":{"rendered":"http:\/\/ap-vf-lmo.ch\/wordpress\/?page_id=186"},"modified":"2024-12-19T21:33:21","modified_gmt":"2024-12-19T21:33:21","slug":"lieu","status":"publish","type":"page","link":"https:\/\/ap-vf-lmo.ch\/wordpress\/?page_id=186&lang=fr","title":{"rendered":"Lieux des cours"},"content":{"rendered":"<h6>Quai 37<\/h6>\n<p><a href=\"https:\/\/quai37.ch\/fr\/contact\">Le Quai du Bas 37, 2502 Bienne<\/a><\/p>\n<p><img loading=\"lazy\" class=\"alignnone wp-image-2974 size-medium\" src=\"http:\/\/ap-vf-lmo.ch\/wordpress\/wp-content\/uploads\/2024\/12\/Affiche-Quai-37-1-139x300.jpeg\" alt=\"\" width=\"139\" height=\"300\" srcset=\"https:\/\/ap-vf-lmo.ch\/wordpress\/wp-content\/uploads\/2024\/12\/Affiche-Quai-37-1-139x300.jpeg 139w, https:\/\/ap-vf-lmo.ch\/wordpress\/wp-content\/uploads\/2024\/12\/Affiche-Quai-37-1-473x1024.jpeg 473w, https:\/\/ap-vf-lmo.ch\/wordpress\/wp-content\/uploads\/2024\/12\/Affiche-Quai-37-1-709x1536.jpeg 709w, https:\/\/ap-vf-lmo.ch\/wordpress\/wp-content\/uploads\/2024\/12\/Affiche-Quai-37-1.jpeg 739w\" sizes=\"(max-width: 139px) 100vw, 139px\" \/><\/p>\n<h6>\u00a0<\/h6>\n<h6>\u00a0<\/h6>\n<h6>VIILARS SUR GLANE<\/h6>\n<p><a href=\"https:\/\/www.domaine-ndr.ch\/\">Le domaine Notre Dame de la Route<\/a><\/p>\n<p><a href=\"https:\/\/www.domaine-ndr.ch\"><img loading=\"lazy\" class=\"size-medium wp-image-2100 alignnone\" src=\"http:\/\/ap-vf-lmo.ch\/wordpress\/wp-content\/uploads\/2021\/11\/hotel-domaine-notre-dame-de-la-route-villars-sur-glane-027-20200806195321-300x205.jpg\" alt=\"\" width=\"300\" height=\"205\" srcset=\"https:\/\/ap-vf-lmo.ch\/wordpress\/wp-content\/uploads\/2021\/11\/hotel-domaine-notre-dame-de-la-route-villars-sur-glane-027-20200806195321-300x205.jpg 300w, https:\/\/ap-vf-lmo.ch\/wordpress\/wp-content\/uploads\/2021\/11\/hotel-domaine-notre-dame-de-la-route-villars-sur-glane-027-20200806195321-768x524.jpg 768w, https:\/\/ap-vf-lmo.ch\/wordpress\/wp-content\/uploads\/2021\/11\/hotel-domaine-notre-dame-de-la-route-villars-sur-glane-027-20200806195321-130x90.jpg 130w, https:\/\/ap-vf-lmo.ch\/wordpress\/wp-content\/uploads\/2021\/11\/hotel-domaine-notre-dame-de-la-route-villars-sur-glane-027-20200806195321.jpg 820w\" sizes=\"(max-width: 300px) 100vw, 300px\" \/><\/a><\/p>\n<h6>\u00a0<\/h6>\n<h6>Muri bei Bern<\/h6>\n<p><a href=\"https:\/\/www.sternenmuri.ch\/fr\/\">Hotel Sternen, Thunstrasse 80, 3074 Muri bei Bern<\/a><\/p>\n<p><a href=\"https:\/\/www.sternenmuri.ch\/fr\/a-propos\/contact-et-arrivee\">Arriv\u00e9e\u00a0<\/a><\/p>\n<h6><img loading=\"lazy\" class=\"alignnone size-full wp-image-2479\" src=\"http:\/\/ap-vf-lmo.ch\/wordpress\/wp-content\/uploads\/2023\/05\/Hotel-Front.jpg\" alt=\"\" width=\"210\" height=\"160\" \/> <img loading=\"lazy\" class=\"alignnone  wp-image-2480\" src=\"http:\/\/ap-vf-lmo.ch\/wordpress\/wp-content\/uploads\/2023\/05\/image00009_-ohne-Kennzeichen-mit-Pfeil-300x225.jpg\" sizes=\"(max-width: 215px) 100vw, 215px\" srcset=\"https:\/\/ap-vf-lmo.ch\/wordpress\/wp-content\/uploads\/2023\/05\/image00009_-ohne-Kennzeichen-mit-Pfeil-300x225.jpg 300w, https:\/\/ap-vf-lmo.ch\/wordpress\/wp-content\/uploads\/2023\/05\/image00009_-ohne-Kennzeichen-mit-Pfeil-768x576.jpg 768w, https:\/\/ap-vf-lmo.ch\/wordpress\/wp-content\/uploads\/2023\/05\/image00009_-ohne-Kennzeichen-mit-Pfeil.jpg 960w\" alt=\"\" width=\"215\" height=\"161\" \/><\/h6>\n<h5>\u00a0<\/h5>\n<h5>3645 Gwatt bei Thun, Im Schoren 4,<\/h5>\n<h6><a href=\"https:\/\/ganzheitlechxund.ch\/kontakt-ggzg\/\">Ganzheitliches Gesundheitszentrum<\/a><\/h6>\n<div class=\"elementor-element elementor-element-7a27da3 elementor-widget elementor-widget-text-editor\" data-id=\"7a27da3\" data-element_type=\"widget\" data-widget_type=\"text-editor.default\">\n<div class=\"elementor-widget-container\">\n<h6>Mit dem Auto<\/h6>\n<p><span class=\"Grundtext-grau\">Autobahn A6 Bern\u2013Spiez, Ausfahrt Thun-S\u00fcd. Beim Kreisel Ausfahrt links Richtung Allmendingen \/ Gwatt. Beim n\u00e4chsten Kreisel Ausfahrt links Richtung Gwatt \/ Schoren. Dann beim n\u00e4chsten Kreisel geradeaus Richtung Bahnhof Gwatt. Ca. 100 m nach dem Lidl links abbiegen.<\/span><\/p>\n<h6>Mit dem Bus Nr. 1<\/h6>\n<p><span class=\"Grundtext-grau\">Nehmen Sie den Zug bis Bahnhof Thun. Umsteigen auf Buslinie 1 in Richtung Gwatt-Zentrum\u2013Spiez. Der Bus f\u00e4hrt im 10-Minuten Takt, Fahrtdauer ca. 8 Min. bis zur Haltestelle \u00abSeewinkel\u00bb. In Fahrtrichtung der Strasse folgen und bei der n\u00e4chsten Kreuzung rechts. Beim n\u00e4chsten Kreisel dem Wegweiser Bahnhof Gwatt folgen. Vor dem Bahnhof rechts durch die Unterf\u00fchrung. Danach rechts Richtung Schoren zum Geb\u00e4ude.<\/span><\/p>\n<h6>Mit dem Bus Nr. 55<\/h6>\n<p><span class=\"Grundtext-grau\">Ab Bhf Thun Buslinie 55 in Richtung Wimmis. Der Bus f\u00e4hrt im Stundentakt (morgens von 6.02 bis 7.32 und abends von 15.32-20.02 im 30-Minuten Takt), Fahrtdauer ca. 9 Min. bis zur Haltestelle \u00abZeughaus\u00bb, welche gleich neben dem Geb\u00e4ude ist.<\/span><\/p>\n<\/div>\n<\/div>\n<div class=\"elementor-element elementor-element-48a00f5 elementor-widget elementor-widget-google_maps\" data-id=\"48a00f5\" data-element_type=\"widget\" data-widget_type=\"google_maps.default\">\n<div class=\"elementor-widget-container\">\n<div class=\"elementor-custom-embed\"><iframe title=\"Im Schoren 4, 3645 Gwatt\" src=\"https:\/\/maps.google.com\/maps?q=Im%20Schoren%204%2C%203645%20Gwatt&amp;t=m&amp;z=17&amp;output=embed&amp;iwloc=near\" aria-label=\"Im Schoren 4, 3645 Gwatt\" data-mce-fragment=\"1\"><\/iframe><\/div>\n<\/div>\n<\/div>\n<h6>\u00a0<\/h6>\n<h6>K\u00d6NIZ<\/h6>\n<p><a href=\"https:\/\/www.google.com\/maps\/place\/Sela+Zentrum+GmbH\/@46.9261507,7.4127238,17z\/data=!3m1!4b1!4m5!3m4!1s0x478e47f5ed4f6d69:0xd8666b4535a644c!8m2!3d46.9261507!4d7.4149125\">Sela Zentrum, Gartenstadtstrasse 7,\u00a03098 K\u00f6niz<\/a><\/p>\n<p><a href=\"http:\/\/ap-vf-lmo.ch\/wordpress\/?attachment_id=1964&amp;lang=fr\"><img loading=\"lazy\" class=\"alignnone size-medium wp-image-1845\" src=\"http:\/\/ap-vf-lmo.ch\/wordpress\/wp-content\/uploads\/2021\/01\/Capture-decran-2021-01-06-a-21.24.32-1-300x184.png\" alt=\"\" width=\"300\" height=\"184\" srcset=\"https:\/\/ap-vf-lmo.ch\/wordpress\/wp-content\/uploads\/2021\/01\/Capture-decran-2021-01-06-a-21.24.32-1-300x184.png 300w, https:\/\/ap-vf-lmo.ch\/wordpress\/wp-content\/uploads\/2021\/01\/Capture-decran-2021-01-06-a-21.24.32-1-768x470.png 768w, https:\/\/ap-vf-lmo.ch\/wordpress\/wp-content\/uploads\/2021\/01\/Capture-decran-2021-01-06-a-21.24.32-1.png 975w\" sizes=\"(max-width: 300px) 100vw, 300px\" \/><\/a><\/p>\n<p>Pour savoir comment vous y rendre, cliquez ici : <a href=\"http:\/\/ap-vf-lmo.ch\/wordpress\/?attachment_id=1964&amp;lang=fr\">Gartenstadtstrasse<\/a><\/p>\n<h6>THOUNE<\/h6>\n<p><a href=\"https:\/\/fr.krone-thun.ch\/\">Hotel Krone<\/a>\u00a0<\/p>\n<p><a href=\"https:\/\/fr.krone-thun.ch\"><img loading=\"lazy\" class=\"alignnone size-medium wp-image-2096\" src=\"http:\/\/ap-vf-lmo.ch\/wordpress\/wp-content\/uploads\/2021\/11\/61121ff95154afd1ac4a8666_1.0_Startseite_Einstieg-p-1600-300x225.jpeg\" alt=\"\" width=\"300\" height=\"225\" srcset=\"https:\/\/ap-vf-lmo.ch\/wordpress\/wp-content\/uploads\/2021\/11\/61121ff95154afd1ac4a8666_1.0_Startseite_Einstieg-p-1600-300x225.jpeg 300w, https:\/\/ap-vf-lmo.ch\/wordpress\/wp-content\/uploads\/2021\/11\/61121ff95154afd1ac4a8666_1.0_Startseite_Einstieg-p-1600-1024x768.jpeg 1024w, https:\/\/ap-vf-lmo.ch\/wordpress\/wp-content\/uploads\/2021\/11\/61121ff95154afd1ac4a8666_1.0_Startseite_Einstieg-p-1600-768x576.jpeg 768w, https:\/\/ap-vf-lmo.ch\/wordpress\/wp-content\/uploads\/2021\/11\/61121ff95154afd1ac4a8666_1.0_Startseite_Einstieg-p-1600-1536x1152.jpeg 1536w, https:\/\/ap-vf-lmo.ch\/wordpress\/wp-content\/uploads\/2021\/11\/61121ff95154afd1ac4a8666_1.0_Startseite_Einstieg-p-1600.jpeg 1600w\" sizes=\"(max-width: 300px) 100vw, 300px\" \/><\/a><\/p>\n\n\n<p><\/p>\n","protected":false},"excerpt":{"rendered":"<p>Quai 37 Le Quai du Bas 37, 2502 Bienne \u00a0 \u00a0 VIILARS SUR GLANE Le domaine Notre Dame de la<\/p>\n","protected":false},"author":1,"featured_media":0,"parent":0,"menu_order":0,"comment_status":"closed","ping_status":"closed","template":"","meta":[],"_links":{"self":[{"href":"https:\/\/ap-vf-lmo.ch\/wordpress\/index.php?rest_route=\/wp\/v2\/pages\/186"}],"collection":[{"href":"https:\/\/ap-vf-lmo.ch\/wordpress\/index.php?rest_route=\/wp\/v2\/pages"}],"about":[{"href":"https:\/\/ap-vf-lmo.ch\/wordpress\/index.php?rest_route=\/wp\/v2\/types\/page"}],"author":[{"embeddable":true,"href":"https:\/\/ap-vf-lmo.ch\/wordpress\/index.php?rest_route=\/wp\/v2\/users\/1"}],"replies":[{"embeddable":true,"href":"https:\/\/ap-vf-lmo.ch\/wordpress\/index.php?rest_route=%2Fwp%2Fv2%2Fcomments&post=186"}],"version-history":[{"count":47,"href":"https:\/\/ap-vf-lmo.ch\/wordpress\/index.php?rest_route=\/wp\/v2\/pages\/186\/revisions"}],"predecessor-version":[{"id":2977,"href":"https:\/\/ap-vf-lmo.ch\/wordpress\/index.php?rest_route=\/wp\/v2\/pages\/186\/revisions\/2977"}],"wp:attachment":[{"href":"https:\/\/ap-vf-lmo.ch\/wordpress\/index.php?rest_route=%2Fwp%2Fv2%2Fmedia&parent=186"}],"curies":[{"name":"wp","href":"https:\/\/api.w.org\/{rel}","templated":true}]}}