{"id":2503,"date":"2023-05-26T19:13:09","date_gmt":"2023-05-26T19:13:09","guid":{"rendered":"https:\/\/ap-vf-lmo.ch\/wordpress\/?page_id=2503"},"modified":"2026-02-13T20:56:06","modified_gmt":"2026-02-13T20:56:06","slug":"inscription-membre","status":"publish","type":"page","link":"https:\/\/ap-vf-lmo.ch\/wordpress\/?page_id=2503&lang=fr","title":{"rendered":"Inscription nouveau membres"},"content":{"rendered":"\n<p>Apr\u00e8s avoir rempli votre inscription, vous \u00eates pri\u00e9(e) de verser votre cotisation de 60 francs (membre actif, international), 50 francs (membre de soutien) au moyen du code QR ci-dessous. Apr\u00e8s cela, nous prendrons contact avec vous.<\/p>\n\n\n\n<h2>Inscription nouveau membre actif, international<\/h2>\n\n\n<div id=\"vfb-form-76\" class=\"visual-form-builder-container\"><form id=\"nouveau-membre-actif-lmo-suisse-schweiz-76\" class=\"visual-form-builder vfb-form-76 \" method=\"post\" enctype=\"multipart\/form-data\">\n\t\t\t<input type=\"hidden\" name=\"form_id\" value=\"76\" \/><fieldset class=\"vfb-fieldset vfb-fieldset-1 nouveau-membre-actif-lmo-suisse-schweiz \" id=\"item-vfb-979\"><div class=\"vfb-legend\"><h3>Nouveau membre actif LMO Suisse \/ Schweiz<\/h3><\/div><ul class=\"vfb-section vfb-section-1\"><li class=\"vfb-item vfb-item-text  \" id=\"item-vfb-980\"><label for=\"vfb-980\" class=\"vfb-desc\">Nom  <span class=\"vfb-required-asterisk\">*<\/span><\/label><input type=\"text\" name=\"vfb-980\" id=\"vfb-980\" value=\"\" class=\"vfb-text  vfb-medium  required  \" \/><\/li><li class=\"vfb-item vfb-item-text  \" id=\"item-vfb-981\"><label for=\"vfb-981\" class=\"vfb-desc\">Pr\u00e9nom  <span class=\"vfb-required-asterisk\">*<\/span><\/label><input type=\"text\" name=\"vfb-981\" id=\"vfb-981\" value=\"\" class=\"vfb-text  vfb-medium  required  \" \/><\/li><li class=\"vfb-item vfb-item-email  \" id=\"item-vfb-983\"><label for=\"vfb-983\" class=\"vfb-desc\">Email  <span class=\"vfb-required-asterisk\">*<\/span><\/label><input type=\"email\" name=\"vfb-983\" id=\"vfb-983\" value=\"\" class=\"vfb-text  vfb-medium  required  email \" \/><\/li><li class=\"vfb-item vfb-item-text  \" id=\"item-vfb-982\"><label for=\"vfb-982\" class=\"vfb-desc\">Rue  <span class=\"vfb-required-asterisk\">*<\/span><\/label><input type=\"text\" name=\"vfb-982\" id=\"vfb-982\" value=\"\" class=\"vfb-text  vfb-medium  required  \" \/><\/li><li class=\"vfb-item vfb-item-text  \" id=\"item-vfb-984\"><label for=\"vfb-984\" class=\"vfb-desc\">Num\u00e9ro  <span class=\"vfb-required-asterisk\">*<\/span><\/label><input type=\"text\" name=\"vfb-984\" id=\"vfb-984\" value=\"\" class=\"vfb-text  vfb-medium  required  \" \/><\/li><li class=\"vfb-item vfb-item-text  \" id=\"item-vfb-985\"><label for=\"vfb-985\" class=\"vfb-desc\">Num\u00e9ro postal  <span class=\"vfb-required-asterisk\">*<\/span><\/label><input type=\"text\" name=\"vfb-985\" id=\"vfb-985\" value=\"\" class=\"vfb-text  vfb-medium  required  \" \/><\/li><li class=\"vfb-item vfb-item-text  \" id=\"item-vfb-986\"><label for=\"vfb-986\" class=\"vfb-desc\">Ville  <span class=\"vfb-required-asterisk\">*<\/span><\/label><input type=\"text\" name=\"vfb-986\" id=\"vfb-986\" value=\"\" class=\"vfb-text  vfb-medium  required  \" \/><\/li><li class=\"vfb-item vfb-item-text  \" id=\"item-vfb-987\"><label for=\"vfb-987\" class=\"vfb-desc\">Pays  <span class=\"vfb-required-asterisk\">*<\/span><\/label><input type=\"text\" name=\"vfb-987\" id=\"vfb-987\" value=\"\" class=\"vfb-text  vfb-medium  required  \" \/><\/li><li class=\"vfb-item vfb-item-text  \" id=\"item-vfb-989\"><label for=\"vfb-989\" class=\"vfb-desc\">Type et N\u00b0 d\u2019enregistrement du droit de pratique Cantonal <\/label><input type=\"text\" name=\"vfb-989\" id=\"vfb-989\" value=\"\" class=\"vfb-text  vfb-medium   \" \/><\/li><li class=\"vfb-item vfb-item-file-upload  \" id=\"item-vfb-1060\"><label for=\"vfb-1060\" class=\"vfb-desc\">Joindre justificatif PDF attestation du droit de pratique <\/label><input type=\"file\" name=\"vfb-1060\" id=\"vfb-1060\" value=\"\" class=\"vfb-text  vfb-medium     {accept:'png|jpe?g|gif'}\" \/><\/li><li class=\"vfb-item vfb-item-text  \" id=\"item-vfb-988\"><label for=\"vfb-988\" class=\"vfb-desc\">Ann\u00e9e de fin de la formation LMO  <span class=\"vfb-required-asterisk\">*<\/span><\/label><input type=\"text\" name=\"vfb-988\" id=\"vfb-988\" value=\"\" class=\"vfb-text  vfb-medium  required  \" \/><\/li><\/ul>&nbsp;<\/fieldset><fieldset class=\"vfb-fieldset vfb-fieldset-2 envoyer \" id=\"item-vfb-976\" style=\"display:block\"><div class=\"vfb-legend\"><h3>Envoyer<\/h3><\/div><ul class=\"vfb-section vfb-section-2\"><li class=\"vfb-item vfb-item-secret\"  style=\"display:block\"><label for=\"vfb-977\" class=\"vfb-desc\"><\/label><input type=\"hidden\" name=\"_vfb-required-secret\" value=\"0\" \/><input type=\"hidden\" name=\"_vfb-secret\" value=\"vfb-977\" \/><input type=\"text\" name=\"vfb-977\" id=\"vfb-977\" value=\"\" class=\"vfb-text  vfb-medium  {digits:true,maxlength:2,minlength:2} \" style=\"display:block\" \/><li style=\"display:none;\"><label>Cette bo\u00eete est pour la protection contre le spam - <strong>Veuillez laisser en blanc<\/strong>:<\/label><div><input name=\"vfb-spam\" \/><\/div><\/li>\n\t\t\t<li class=\"vfb-item vfb-item-submit\" id=\"item-vfb-978\">\n\t\t\t\t\t\t<input type=\"submit\" name=\"vfb-submit\" id=\"vfb-978\" value=\"Envoyer\" class=\"vfb-submit \" \/>\n\t\t\t\t\t\t<\/li><\/ul>\n\t\t\t<\/fieldset><input type=\"hidden\" name=\"_wp_http_referer\" value=\"\/wordpress\/index.php?rest_route=%2Fwp%2Fv2%2Fpages%2F2503\" \/><\/form><\/div> <!-- .visual-form-builder-container -->\n\n\n\n<h2><strong>Inscription nouveau membre de soutien<\/strong><\/h2>\n\n\n<div id=\"vfb-form-112\" class=\"visual-form-builder-container\"><form id=\"nouveau-membre-de-soutien-lmo-suisse-schweiz-112\" class=\"visual-form-builder vfb-form-112 \" method=\"post\" enctype=\"multipart\/form-data\">\n\t\t\t<input type=\"hidden\" name=\"form_id\" value=\"112\" \/><fieldset class=\"vfb-fieldset vfb-fieldset-1 nouveau-membre-de-soutien-lmo-suisse-schweiz \" id=\"item-vfb-1430\"><div class=\"vfb-legend\"><h3>Nouveau Membre de Soutien LMO Suisse\/ Schweiz<\/h3><\/div><ul class=\"vfb-section vfb-section-1\"><li class=\"vfb-item vfb-item-text  \" id=\"item-vfb-1431\"><label for=\"vfb-1431\" class=\"vfb-desc\">Nom  <span class=\"vfb-required-asterisk\">*<\/span><\/label><input type=\"text\" name=\"vfb-1431\" id=\"vfb-1431\" value=\"\" class=\"vfb-text  vfb-medium  required  \" \/><\/li><li class=\"vfb-item vfb-item-text  \" id=\"item-vfb-1432\"><label for=\"vfb-1432\" class=\"vfb-desc\">Pr\u00e9nom  <span class=\"vfb-required-asterisk\">*<\/span><\/label><input type=\"text\" name=\"vfb-1432\" id=\"vfb-1432\" value=\"\" class=\"vfb-text  vfb-medium  required  \" \/><\/li><li class=\"vfb-item vfb-item-email  \" id=\"item-vfb-1434\"><label for=\"vfb-1434\" class=\"vfb-desc\">Email  <span class=\"vfb-required-asterisk\">*<\/span><\/label><input type=\"email\" name=\"vfb-1434\" id=\"vfb-1434\" value=\"\" class=\"vfb-text  vfb-medium  required  email \" \/><\/li><li class=\"vfb-item vfb-item-text  \" id=\"item-vfb-1433\"><label for=\"vfb-1433\" class=\"vfb-desc\">Rue  <span class=\"vfb-required-asterisk\">*<\/span><\/label><input type=\"text\" name=\"vfb-1433\" id=\"vfb-1433\" value=\"\" class=\"vfb-text  vfb-medium  required  \" \/><\/li><li class=\"vfb-item vfb-item-text  \" id=\"item-vfb-1435\"><label for=\"vfb-1435\" class=\"vfb-desc\">Num\u00e9ro  <span class=\"vfb-required-asterisk\">*<\/span><\/label><input type=\"text\" name=\"vfb-1435\" id=\"vfb-1435\" value=\"\" class=\"vfb-text  vfb-medium  required  \" \/><\/li><li class=\"vfb-item vfb-item-text  \" id=\"item-vfb-1436\"><label for=\"vfb-1436\" class=\"vfb-desc\">Num\u00e9ro postal  <span class=\"vfb-required-asterisk\">*<\/span><\/label><input type=\"text\" name=\"vfb-1436\" id=\"vfb-1436\" value=\"\" class=\"vfb-text  vfb-medium  required  \" \/><\/li><li class=\"vfb-item vfb-item-text  \" id=\"item-vfb-1437\"><label for=\"vfb-1437\" class=\"vfb-desc\">Ville  <span class=\"vfb-required-asterisk\">*<\/span><\/label><input type=\"text\" name=\"vfb-1437\" id=\"vfb-1437\" value=\"\" class=\"vfb-text  vfb-medium  required  \" \/><\/li><li class=\"vfb-item vfb-item-text  \" id=\"item-vfb-1438\"><label for=\"vfb-1438\" class=\"vfb-desc\">Pays  <span class=\"vfb-required-asterisk\">*<\/span><\/label><input type=\"text\" name=\"vfb-1438\" id=\"vfb-1438\" value=\"\" class=\"vfb-text  vfb-medium  required  \" \/><\/li><li class=\"vfb-item vfb-item-text  \" id=\"item-vfb-1439\"><label for=\"vfb-1439\" class=\"vfb-desc\">Date de suivi du cours LMO 1  <span class=\"vfb-required-asterisk\">*<\/span><\/label><input type=\"text\" name=\"vfb-1439\" id=\"vfb-1439\" value=\"\" class=\"vfb-text  vfb-medium  required  \" \/><\/li><\/ul>&nbsp;<\/fieldset><fieldset class=\"vfb-fieldset vfb-fieldset-2 envoyer \" id=\"item-vfb-1427\" style=\"display:block\"><div class=\"vfb-legend\"><h3>Envoyer<\/h3><\/div><ul class=\"vfb-section vfb-section-2\"><li class=\"vfb-item vfb-item-secret\"  style=\"display:block\"><label for=\"vfb-1428\" class=\"vfb-desc\"><\/label><input type=\"hidden\" name=\"_vfb-required-secret\" value=\"0\" \/><input type=\"hidden\" name=\"_vfb-secret\" value=\"vfb-1428\" \/><input type=\"text\" name=\"vfb-1428\" id=\"vfb-1428\" value=\"\" class=\"vfb-text  vfb-medium  {digits:true,maxlength:2,minlength:2} \" style=\"display:block\" \/><li style=\"display:none;\"><label>Cette bo\u00eete est pour la protection contre le spam - <strong>Veuillez laisser en blanc<\/strong>:<\/label><div><input name=\"vfb-spam\" \/><\/div><\/li>\n\t\t\t<li class=\"vfb-item vfb-item-submit\" id=\"item-vfb-1429\">\n\t\t\t\t\t\t<input type=\"submit\" name=\"vfb-submit\" id=\"vfb-1429\" value=\"Envoyer\" class=\"vfb-submit \" \/>\n\t\t\t\t\t\t<\/li><\/ul>\n\t\t\t<\/fieldset><input type=\"hidden\" name=\"_wp_http_referer\" value=\"\/wordpress\/index.php?rest_route=%2Fwp%2Fv2%2Fpages%2F2503\" \/><\/form><\/div> <!-- .visual-form-builder-container -->\n\n\n\n<figure class=\"wp-block-image size-full is-resized\"><img loading=\"lazy\" src=\"http:\/\/ap-vf-lmo.ch\/wordpress\/wp-content\/uploads\/2023\/04\/QR-paiement-libre.png\" alt=\"\" class=\"wp-image-2307\" width=\"744\" height=\"524\" srcset=\"https:\/\/ap-vf-lmo.ch\/wordpress\/wp-content\/uploads\/2023\/04\/QR-paiement-libre.png 992w, https:\/\/ap-vf-lmo.ch\/wordpress\/wp-content\/uploads\/2023\/04\/QR-paiement-libre-300x211.png 300w, https:\/\/ap-vf-lmo.ch\/wordpress\/wp-content\/uploads\/2023\/04\/QR-paiement-libre-768x540.png 768w\" sizes=\"(max-width: 744px) 100vw, 744px\" \/><\/figure>\n","protected":false},"excerpt":{"rendered":"<p>Apr\u00e8s avoir rempli votre inscription, vous \u00eates pri\u00e9(e) de verser votre cotisation de 60 francs (membre actif, international), 50 francs<\/p>\n","protected":false},"author":1,"featured_media":0,"parent":0,"menu_order":0,"comment_status":"closed","ping_status":"closed","template":"","meta":[],"_links":{"self":[{"href":"https:\/\/ap-vf-lmo.ch\/wordpress\/index.php?rest_route=\/wp\/v2\/pages\/2503"}],"collection":[{"href":"https:\/\/ap-vf-lmo.ch\/wordpress\/index.php?rest_route=\/wp\/v2\/pages"}],"about":[{"href":"https:\/\/ap-vf-lmo.ch\/wordpress\/index.php?rest_route=\/wp\/v2\/types\/page"}],"author":[{"embeddable":true,"href":"https:\/\/ap-vf-lmo.ch\/wordpress\/index.php?rest_route=\/wp\/v2\/users\/1"}],"replies":[{"embeddable":true,"href":"https:\/\/ap-vf-lmo.ch\/wordpress\/index.php?rest_route=%2Fwp%2Fv2%2Fcomments&post=2503"}],"version-history":[{"count":10,"href":"https:\/\/ap-vf-lmo.ch\/wordpress\/index.php?rest_route=\/wp\/v2\/pages\/2503\/revisions"}],"predecessor-version":[{"id":3090,"href":"https:\/\/ap-vf-lmo.ch\/wordpress\/index.php?rest_route=\/wp\/v2\/pages\/2503\/revisions\/3090"}],"wp:attachment":[{"href":"https:\/\/ap-vf-lmo.ch\/wordpress\/index.php?rest_route=%2Fwp%2Fv2%2Fmedia&parent=2503"}],"curies":[{"name":"wp","href":"https:\/\/api.w.org\/{rel}","templated":true}]}}