{"id":2530,"date":"2023-05-26T22:15:22","date_gmt":"2023-05-26T22:15:22","guid":{"rendered":"https:\/\/ap-vf-lmo.ch\/wordpress\/?page_id=2530"},"modified":"2024-02-26T08:30:28","modified_gmt":"2024-02-26T08:30:28","slug":"aufnahmekriterien-und-rechte-der-mitglieder","status":"publish","type":"page","link":"https:\/\/ap-vf-lmo.ch\/wordpress\/?page_id=2530&lang=de","title":{"rendered":"Aufnahmekriterien und Rechte der Mitglieder"},"content":{"rendered":"\n<p>Aufnahmekriterien und Rechte der <strong>Aktiv- und Support-Mitglieder<\/strong>:<\/p>\n\n\n\n<p style=\"font-size:22px\"><strong>Aktiv-Mitglieder:<\/strong><\/p>\n\n\n\n<p><strong>Mit der Zahlung des Mitgliederbeitrags von CHF 60.- (neu ab 2023) :<\/strong><\/p>\n\n\n\n<ul><li>Sind Sie automatisch bei den Verb\u00e4nden LMO Schweiz (lmo-schweiz\/suisse.ch)&nbsp;und LMO international (www.lmosteo.com) angemeldet.<\/li><li>Erhalten Sie einen Vorzugspreis f\u00fcr Kurse, die von LMO Schweiz organisiert werden. (<a href=\"https:\/\/ap-vf-lmo.ch\/wordpress\/?lang=de\">lmo-schweiz\/suisse.ch<\/a>)<\/li><li>Erhalten Sie zudem Zugang zur Internetplattform des LMO international. Unbegrenzter Zugang zum Mitgliederportal der Website, mit allen Aktualisierungen der frei zug\u00e4nglichen LMO-Kurse&nbsp;(www.lmosteo.com).<\/li><li>Werden Sie auch in die Liste der internationalen LMO-Praktiker aufgenommen, die in der Rubrik \u00ab\u00a0Finden Sie einen Praktiker\u00a0\u00bb sichtbar sind und Zugang zu einer weltweiten Sichtbarkeit bieten (<a href=\"https:\/\/lmosteo.com\/de\/\">www.lmosteo.com<\/a>).<\/li><li>Haben Sie ein Stimm- und Wahlrecht bei ordentlichen und au\u00dferordentlichen Generalversammlungen und k\u00f6nnen in den Vorstand des Vereins gew\u00e4hlt werden.<\/li><\/ul>\n\n\n\n<p class=\"has-normal-font-size\"><strong>Aufnahmekriterien f\u00fcr Aktiv-Mitglieder:<\/strong><\/p>\n\n\n\n<p>Als Aktivmitglied des Vereins kann jede diplomierte Osteopathin und jeder diplomierte Osteopath aufgenommen werden, die oder der<\/p>\n\n\n\n<p>\u00fcber eine <strong>kantonale Anerkennung<\/strong> des \u00f6ffentlichen Gesundheitswesens f\u00fcr die Aus\u00fcbung der Osteopathie als Erstversorgung verf\u00fcgt (akzeptiert sind Master FH, Diplom Rotes Kreuz, Diplom GDK-CDS, oder andere Praxisbewilligungen des Kantonsarztamts) <strong>und die LMO-Grundausbildung<\/strong> (Basiskurse 1-6) abgeschlossen hat.<\/p>\n\n\n\n<p>Alle diejenigen LMO-Therapeuten, die die Kriterien der aktiven Mitglieder nicht erf\u00fcllen k\u00f6nnen, haben die M\u00f6glichkeit sich einzuschreiben als <\/p>\n\n\n\n<p style=\"font-size:22px\"><strong>Support-Mitglieder :<\/strong><\/p>\n\n\n\n<p><strong>Mit der Zahlung des Mitgliederbeitrags von CHF 50.&#8211; (neu ab 2024) :<\/strong><\/p>\n\n\n\n<ul><li>Sind Sie Support-Mitglied des Vereins LMO Schweiz (lmo-schweiz\/suisse.ch).<\/li><li>Erhalten Sie einen Vorzugspreis f\u00fcr Kurse, die von LMO Schweiz organisiert werden. (<a href=\"https:\/\/ap-vf-lmo.ch\/wordpress\/?lang=de\">lmo-schweiz\/suisse.ch<\/a>)<\/li><li>Kein Stimm- und Wahlrecht, kein Recht auf Wahl in den Vorstand.<\/li><\/ul>\n\n\n\n<p class=\"has-normal-font-size\"><strong>Aufnahmekriterien f\u00fcr Support-Mitglieder:<\/strong><\/p>\n\n\n\n<p>Teilnahme am Kurs LMO 1  (Basiskurs 1).<\/p>\n\n\n\n<p><a href=\"https:\/\/ap-vf-lmo.ch\/wordpress\/?page_id=2539&amp;lang=de\">Anmeldung \/ Erneuerung<\/a><\/p>\n","protected":false},"excerpt":{"rendered":"<p>Aufnahmekriterien und Rechte der Aktiv- und Support-Mitglieder: Aktiv-Mitglieder: Mit der Zahlung des Mitgliederbeitrags von CHF 60.- (neu ab 2023) :<\/p>\n","protected":false},"author":1,"featured_media":0,"parent":0,"menu_order":0,"comment_status":"closed","ping_status":"closed","template":"","meta":[],"_links":{"self":[{"href":"https:\/\/ap-vf-lmo.ch\/wordpress\/index.php?rest_route=\/wp\/v2\/pages\/2530"}],"collection":[{"href":"https:\/\/ap-vf-lmo.ch\/wordpress\/index.php?rest_route=\/wp\/v2\/pages"}],"about":[{"href":"https:\/\/ap-vf-lmo.ch\/wordpress\/index.php?rest_route=\/wp\/v2\/types\/page"}],"author":[{"embeddable":true,"href":"https:\/\/ap-vf-lmo.ch\/wordpress\/index.php?rest_route=\/wp\/v2\/users\/1"}],"replies":[{"embeddable":true,"href":"https:\/\/ap-vf-lmo.ch\/wordpress\/index.php?rest_route=%2Fwp%2Fv2%2Fcomments&post=2530"}],"version-history":[{"count":10,"href":"https:\/\/ap-vf-lmo.ch\/wordpress\/index.php?rest_route=\/wp\/v2\/pages\/2530\/revisions"}],"predecessor-version":[{"id":2808,"href":"https:\/\/ap-vf-lmo.ch\/wordpress\/index.php?rest_route=\/wp\/v2\/pages\/2530\/revisions\/2808"}],"wp:attachment":[{"href":"https:\/\/ap-vf-lmo.ch\/wordpress\/index.php?rest_route=%2Fwp%2Fv2%2Fmedia&parent=2530"}],"curies":[{"name":"wp","href":"https:\/\/api.w.org\/{rel}","templated":true}]}}