{"id":3055,"date":"2026-02-13T20:10:33","date_gmt":"2026-02-13T20:10:33","guid":{"rendered":"https:\/\/ap-vf-lmo.ch\/wordpress\/?page_id=3055"},"modified":"2026-02-13T20:10:34","modified_gmt":"2026-02-13T20:10:34","slug":"revision-integration-lmo-grundkurse-1-6","status":"publish","type":"page","link":"https:\/\/ap-vf-lmo.ch\/wordpress\/?page_id=3055&lang=de","title":{"rendered":"Revision\/Integration LMO Grundkurse 1-6"},"content":{"rendered":"\n<div class=\"wp-block-group\"><div class=\"wp-block-group__inner-container\">\n<p><strong class=\"\">Datum:&nbsp;<\/strong><strong>Freitag 12. bis Sonntag 14. Juni 2026<\/strong><\/p>\n\n\n\n<p><strong>Attestierte Weiterbildungsstunden:<\/strong> 22.5 h Kategorie A<\/p>\n\n\n\n<p><strong>Preise, inklusive Pausengetr\u00e4nke und Mittagessen:<\/strong><\/p>\n\n\n\n<ul><li>775 CHF \/ 3 Tage: Mitglieder LMO Vereine&nbsp;<\/li><li>825 CHF \/ 3 Tage: Nichtmitglieder<\/li><li>525 CHF \/ 3 Tage: Studenten und Assistenten (angestellte Osteopathen im CH-Anerkennungsverfahren)<\/li><\/ul>\n\n\n\n<p><strong class=\"\">Zeiten:<\/strong><\/p>\n\n\n\n<ul><li>Morgens &nbsp; &nbsp; &nbsp; &nbsp;&nbsp;08.30&nbsp; &#8211;&nbsp; 12.00<\/li><li>Nachmittags&nbsp;&nbsp;13.30&nbsp; &#8211;&nbsp; 17.30<\/li><\/ul>\n\n\n\n<p><strong class=\"\">Kursort:<\/strong> <a href=\"https:\/\/www.osteopathische-medizin-thun.ch\/anfahrt\"><\/a><strong><a href=\"https:\/\/www.domaine-ndr.ch\/de\/\">Villars-sur-Gl\u00e2nes (bei Fribourg)<\/a><\/strong><\/p>\n<\/div><\/div>\n\n\n\n<p><strong>Dozenten:<\/strong>&nbsp;<strong>Pascal Ferrand Osteopath D.O.<\/strong> und <strong>Olivier Samson, Osteopath D.O. C.S.O.<\/strong> beide aus Frankreich<\/p>\n\n\n\n<figure class=\"wp-block-image size-full is-resized\"><img loading=\"lazy\" src=\"http:\/\/ap-vf-lmo.ch\/wordpress\/wp-content\/uploads\/2023\/04\/Pascal-Ferrand-1.png\" alt=\"\" class=\"wp-image-2278\" width=\"180\" height=\"196\" srcset=\"https:\/\/ap-vf-lmo.ch\/wordpress\/wp-content\/uploads\/2023\/04\/Pascal-Ferrand-1.png 500w, https:\/\/ap-vf-lmo.ch\/wordpress\/wp-content\/uploads\/2023\/04\/Pascal-Ferrand-1-276x300.png 276w\" sizes=\"(max-width: 180px) 100vw, 180px\" \/><figcaption>Pascal FERRAND<\/figcaption><\/figure>\n\n\n\n<div class=\"wp-block-columns\">\n<div class=\"wp-block-column\" style=\"flex-basis:100%\">\n<div class=\"wp-block-group\"><div class=\"wp-block-group__inner-container\">\n<figure class=\"wp-block-image size-full is-resized\"><img loading=\"lazy\" src=\"http:\/\/ap-vf-lmo.ch\/wordpress\/wp-content\/uploads\/2024\/12\/photo-Olivier-1.jpeg\" alt=\"\" class=\"wp-image-2956\" width=\"181\" height=\"192\" srcset=\"https:\/\/ap-vf-lmo.ch\/wordpress\/wp-content\/uploads\/2024\/12\/photo-Olivier-1.jpeg 481w, https:\/\/ap-vf-lmo.ch\/wordpress\/wp-content\/uploads\/2024\/12\/photo-Olivier-1-281x300.jpeg 281w\" sizes=\"(max-width: 181px) 100vw, 181px\" \/><figcaption>Olivier SAMSON<\/figcaption><\/figure>\n<\/div><\/div>\n<\/div>\n<\/div>\n\n\n\n<div class=\"wp-block-columns\">\n<div class=\"wp-block-column\" style=\"flex-basis:100%\"><\/div>\n<\/div>\n\n\n\n<h2 class=\"has-text-align-left has-medium-font-size\"><strong>Ziel:<\/strong><\/h2>\n\n\n\n<p>Eine vollst\u00e4ndige, praktische Wiederholung aller Schl\u00fcsselpunkte, die in den Grundkursen 1 bis 6 vermittelt wurden. Revision, \u00dcbungen und Ged\u00e4chtnistraining zur Abfolge der Basistests der Untersuchung aller Systeme.<\/p>\n\n\n\n<p class=\"has-normal-font-size\"><strong>Inhalt:<\/strong><\/p>\n\n\n\n<p>Der Kurs zur Wiederholung\/Integration der LMO-Tests in die Praxis bietet eine klare und pr\u00e4zise Abfolge f\u00fcr die Durchf\u00fchrung einer LMO-Therapiesitzung! Wir wiederholen alle Basistests, einige Master-Tests und einige Neuheiten, die von LMO-Lehrern vorgeschlagen wurden. Wir haben den Kurs in 10 Sequenzen \u00fcber 3 Tage aufgeteilt. Jede Sequenz umfasst eine Pr\u00e4sentation, ein Training mit Beschreibung und ein Training, bei dem nur die Tests genannt werden. Wir m\u00f6chten, dass die Teilnehmenden die Tests vollst\u00e4ndig in ihre H\u00e4nde und Gesten integrieren.<\/p>\n\n\n\n<p>Bedingung zur Teilnahme ist der vorg\u00e4ngige Besuch der Grundkurse LMO 1 bis 6. (Wenn die Bedingung nicht ganz erf\u00fcllt ist &#8211; Fragen Sie uns.)<\/p>\n\n\n\n<p><strong>Anmeldung Nichtmitglieder:<\/strong> <\/p>\n\n\n<div id=\"vfb-form-87\" class=\"visual-form-builder-container\"><form id=\"nichtmitglieder-revision-integration-lmo-grundkurse-1-6-villars-12-14-juni-26-87\" class=\"visual-form-builder vfb-form-87 \" method=\"post\" enctype=\"multipart\/form-data\">\n\t\t\t<input type=\"hidden\" name=\"form_id\" value=\"87\" \/><fieldset class=\"vfb-fieldset vfb-fieldset-1 nichtmitglieder-revision-integration-lmo-grundkurse-1-6-villars-12-14-juni-26 \" id=\"item-vfb-1125\"><div class=\"vfb-legend\"><h3>Nichtmitglieder: Revision\/Integration LMO Grundkurse 1-6, Villars, 12.-14. Juni 26<\/h3><\/div><ul class=\"vfb-section vfb-section-1\"><li class=\"vfb-item vfb-item-text  \" id=\"item-vfb-1126\"><label for=\"vfb-1126\" class=\"vfb-desc\">Name  <span class=\"vfb-required-asterisk\">*<\/span><\/label><input type=\"text\" name=\"vfb-1126\" id=\"vfb-1126\" value=\"\" class=\"vfb-text  vfb-medium  required  \" \/><\/li><li class=\"vfb-item vfb-item-text  \" id=\"item-vfb-1127\"><label for=\"vfb-1127\" class=\"vfb-desc\">Vorname  <span class=\"vfb-required-asterisk\">*<\/span><\/label><input type=\"text\" name=\"vfb-1127\" id=\"vfb-1127\" value=\"\" class=\"vfb-text  vfb-medium  required  \" \/><\/li><li class=\"vfb-item vfb-item-email  \" id=\"item-vfb-1129\"><label for=\"vfb-1129\" class=\"vfb-desc\">Email  <span class=\"vfb-required-asterisk\">*<\/span><\/label><input type=\"email\" name=\"vfb-1129\" id=\"vfb-1129\" value=\"\" class=\"vfb-text  vfb-medium  required  email \" \/><\/li><li class=\"vfb-item vfb-item-text  \" id=\"item-vfb-1128\"><label for=\"vfb-1128\" class=\"vfb-desc\">Strasse  <span class=\"vfb-required-asterisk\">*<\/span><\/label><input type=\"text\" name=\"vfb-1128\" id=\"vfb-1128\" value=\"\" class=\"vfb-text  vfb-medium  required  \" \/><\/li><li class=\"vfb-item vfb-item-text  \" id=\"item-vfb-1130\"><label for=\"vfb-1130\" class=\"vfb-desc\">Hausnummer  <span class=\"vfb-required-asterisk\">*<\/span><\/label><input type=\"text\" name=\"vfb-1130\" id=\"vfb-1130\" value=\"\" class=\"vfb-text  vfb-medium  required  \" \/><\/li><li class=\"vfb-item vfb-item-text  \" id=\"item-vfb-1131\"><label for=\"vfb-1131\" class=\"vfb-desc\">Postleitzahl  <span class=\"vfb-required-asterisk\">*<\/span><\/label><input type=\"text\" name=\"vfb-1131\" id=\"vfb-1131\" value=\"\" class=\"vfb-text  vfb-medium  required  \" \/><\/li><li class=\"vfb-item vfb-item-text  \" id=\"item-vfb-1132\"><label for=\"vfb-1132\" class=\"vfb-desc\">Ort  <span class=\"vfb-required-asterisk\">*<\/span><\/label><input type=\"text\" name=\"vfb-1132\" id=\"vfb-1132\" value=\"\" class=\"vfb-text  vfb-medium  required  \" \/><\/li><li class=\"vfb-item vfb-item-text  \" id=\"item-vfb-1133\"><label for=\"vfb-1133\" class=\"vfb-desc\">Land  <span class=\"vfb-required-asterisk\">*<\/span><\/label><input type=\"text\" name=\"vfb-1133\" id=\"vfb-1133\" value=\"\" class=\"vfb-text  vfb-medium  required  \" \/><\/li><li class=\"vfb-item vfb-item-text  \" id=\"item-vfb-1134\"><label for=\"vfb-1134\" class=\"vfb-desc\">LMO 1 - 6 besucht  <span class=\"vfb-required-asterisk\">*<\/span><\/label><input type=\"text\" name=\"vfb-1134\" id=\"vfb-1134\" value=\"\" class=\"vfb-text  vfb-medium  required  \" \/><\/li><\/ul>&nbsp;<\/fieldset><fieldset class=\"vfb-fieldset vfb-fieldset-2 kommentar \" id=\"item-vfb-1122\" style=\"display:block\"><div class=\"vfb-legend\"><h3>Kommentar<\/h3><\/div><ul class=\"vfb-section vfb-section-2\"><li class=\"vfb-item vfb-item-secret\"  style=\"display:block\"><label for=\"vfb-1123\" class=\"vfb-desc\"><\/label><input type=\"hidden\" name=\"_vfb-required-secret\" value=\"0\" \/><input type=\"hidden\" name=\"_vfb-secret\" value=\"vfb-1123\" \/><input type=\"text\" name=\"vfb-1123\" id=\"vfb-1123\" value=\"\" class=\"vfb-text  vfb-medium  {digits:true,maxlength:2,minlength:2} \" style=\"display:block\" \/><li style=\"display:none;\"><label>Cette bo\u00eete est pour la protection contre le spam - <strong>Veuillez laisser en blanc<\/strong>:<\/label><div><input name=\"vfb-spam\" \/><\/div><\/li>\n\t\t\t<li class=\"vfb-item vfb-item-submit\" id=\"item-vfb-1124\">\n\t\t\t\t\t\t<input type=\"submit\" name=\"vfb-submit\" id=\"vfb-1124\" value=\"Senden\" class=\"vfb-submit \" \/>\n\t\t\t\t\t\t<\/li><\/ul>\n\t\t\t<\/fieldset><input type=\"hidden\" name=\"_wp_http_referer\" value=\"\/wordpress\/index.php?rest_route=%2Fwp%2Fv2%2Fpages%2F3055\" \/><\/form><\/div> <!-- .visual-form-builder-container -->\n\n\n\n<p><\/p>\n\n\n\n<p><strong>Anmeldung Mitglieder:<\/strong> <\/p>\n\n\n<div id=\"vfb-form-88\" class=\"visual-form-builder-container\"><form id=\"mitglieder-revision-integration-lmo-grundkurse-1-6-villars-12-14-juni-26-88\" class=\"visual-form-builder vfb-form-88 \" method=\"post\" enctype=\"multipart\/form-data\">\n\t\t\t<input type=\"hidden\" name=\"form_id\" value=\"88\" \/><fieldset class=\"vfb-fieldset vfb-fieldset-1 mitglieder-revision-integration-lmo-grundkurse-1-6-villars-12-14-juni-26 \" id=\"item-vfb-1138\"><div class=\"vfb-legend\"><h3>Mitglieder: Revision\/Integration LMO Grundkurse 1-6, Villars, 12.-14. Juni 26<\/h3><\/div><ul class=\"vfb-section vfb-section-1\"><li class=\"vfb-item vfb-item-text  \" id=\"item-vfb-1139\"><label for=\"vfb-1139\" class=\"vfb-desc\">Name  <span class=\"vfb-required-asterisk\">*<\/span><\/label><input type=\"text\" name=\"vfb-1139\" id=\"vfb-1139\" value=\"\" class=\"vfb-text  vfb-medium  required  \" \/><\/li><li class=\"vfb-item vfb-item-text  \" id=\"item-vfb-1140\"><label for=\"vfb-1140\" class=\"vfb-desc\">Vorname  <span class=\"vfb-required-asterisk\">*<\/span><\/label><input type=\"text\" name=\"vfb-1140\" id=\"vfb-1140\" value=\"\" class=\"vfb-text  vfb-medium  required  \" \/><\/li><li class=\"vfb-item vfb-item-email  \" id=\"item-vfb-1142\"><label for=\"vfb-1142\" class=\"vfb-desc\">Email  <span class=\"vfb-required-asterisk\">*<\/span><\/label><input type=\"email\" name=\"vfb-1142\" id=\"vfb-1142\" value=\"\" class=\"vfb-text  vfb-medium  required  email \" \/><\/li><li class=\"vfb-item vfb-item-text  \" id=\"item-vfb-1147\"><label for=\"vfb-1147\" class=\"vfb-desc\">Mitgliedsnummer  <span class=\"vfb-required-asterisk\">*<\/span><\/label><input type=\"text\" name=\"vfb-1147\" id=\"vfb-1147\" value=\"\" class=\"vfb-text  vfb-medium  required  \" \/><\/li><\/ul>&nbsp;<\/fieldset><fieldset class=\"vfb-fieldset vfb-fieldset-2 kommentar \" id=\"item-vfb-1135\" style=\"display:block\"><div class=\"vfb-legend\"><h3>Kommentar<\/h3><\/div><ul class=\"vfb-section vfb-section-2\"><li class=\"vfb-item vfb-item-secret\"  style=\"display:block\"><label for=\"vfb-1136\" class=\"vfb-desc\"><\/label><input type=\"hidden\" name=\"_vfb-required-secret\" value=\"0\" \/><input type=\"hidden\" name=\"_vfb-secret\" value=\"vfb-1136\" \/><input type=\"text\" name=\"vfb-1136\" id=\"vfb-1136\" value=\"\" class=\"vfb-text  vfb-medium  {digits:true,maxlength:2,minlength:2} \" style=\"display:block\" \/><li style=\"display:none;\"><label>Cette bo\u00eete est pour la protection contre le spam - <strong>Veuillez laisser en blanc<\/strong>:<\/label><div><input name=\"vfb-spam\" \/><\/div><\/li>\n\t\t\t<li class=\"vfb-item vfb-item-submit\" id=\"item-vfb-1137\">\n\t\t\t\t\t\t<input type=\"submit\" name=\"vfb-submit\" id=\"vfb-1137\" value=\"Senden\" class=\"vfb-submit \" \/>\n\t\t\t\t\t\t<\/li><\/ul>\n\t\t\t<\/fieldset><input type=\"hidden\" name=\"_wp_http_referer\" value=\"\/wordpress\/index.php?rest_route=%2Fwp%2Fv2%2Fpages%2F3055\" \/><\/form><\/div> <!-- .visual-form-builder-container -->\n\n\n\n<p><\/p>\n\n\n\n<p><strong>Anmeldung StudentInnen \/ AssistentInnen:<\/strong> <\/p>\n\n\n<div id=\"vfb-form-89\" class=\"visual-form-builder-container\"><form id=\"studentin-assistentin-revision-integration-lmo-grundkurse-1-6-villars-12-14-juni-26-89\" class=\"visual-form-builder vfb-form-89 \" method=\"post\" enctype=\"multipart\/form-data\">\n\t\t\t<input type=\"hidden\" name=\"form_id\" value=\"89\" \/><fieldset class=\"vfb-fieldset vfb-fieldset-1 studentin-assistentin-revision-integration-lmo-grundkurse-1-6-villars-12-14-juni-26 \" id=\"item-vfb-1151\"><div class=\"vfb-legend\"><h3>StudentIn\/AssistentIn: Revision\/Integration LMO Grundkurse 1-6, Villars, 12.-14. Juni 26<\/h3><\/div><ul class=\"vfb-section vfb-section-1\"><li class=\"vfb-item vfb-item-text  \" id=\"item-vfb-1152\"><label for=\"vfb-1152\" class=\"vfb-desc\">Name  <span class=\"vfb-required-asterisk\">*<\/span><\/label><input type=\"text\" name=\"vfb-1152\" id=\"vfb-1152\" value=\"\" class=\"vfb-text  vfb-medium  required  \" \/><\/li><li class=\"vfb-item vfb-item-text  \" id=\"item-vfb-1153\"><label for=\"vfb-1153\" class=\"vfb-desc\">Vorname  <span class=\"vfb-required-asterisk\">*<\/span><\/label><input type=\"text\" name=\"vfb-1153\" id=\"vfb-1153\" value=\"\" class=\"vfb-text  vfb-medium  required  \" \/><\/li><li class=\"vfb-item vfb-item-email  \" id=\"item-vfb-1155\"><label for=\"vfb-1155\" class=\"vfb-desc\">Email  <span class=\"vfb-required-asterisk\">*<\/span><\/label><input type=\"email\" name=\"vfb-1155\" id=\"vfb-1155\" value=\"\" class=\"vfb-text  vfb-medium  required  email \" \/><\/li><li class=\"vfb-item vfb-item-text  \" id=\"item-vfb-1154\"><label for=\"vfb-1154\" class=\"vfb-desc\">Strasse  <span class=\"vfb-required-asterisk\">*<\/span><\/label><input type=\"text\" name=\"vfb-1154\" id=\"vfb-1154\" value=\"\" class=\"vfb-text  vfb-medium  required  \" \/><\/li><li class=\"vfb-item vfb-item-text  \" id=\"item-vfb-1156\"><label for=\"vfb-1156\" class=\"vfb-desc\">Hausnummer  <span class=\"vfb-required-asterisk\">*<\/span><\/label><input type=\"text\" name=\"vfb-1156\" id=\"vfb-1156\" value=\"\" class=\"vfb-text  vfb-medium  required  \" \/><\/li><li class=\"vfb-item vfb-item-text  \" id=\"item-vfb-1157\"><label for=\"vfb-1157\" class=\"vfb-desc\">Postleitzahl  <span class=\"vfb-required-asterisk\">*<\/span><\/label><input type=\"text\" name=\"vfb-1157\" id=\"vfb-1157\" value=\"\" class=\"vfb-text  vfb-medium  required  \" \/><\/li><li class=\"vfb-item vfb-item-text  \" id=\"item-vfb-1158\"><label for=\"vfb-1158\" class=\"vfb-desc\">Ort  <span class=\"vfb-required-asterisk\">*<\/span><\/label><input type=\"text\" name=\"vfb-1158\" id=\"vfb-1158\" value=\"\" class=\"vfb-text  vfb-medium  required  \" \/><\/li><li class=\"vfb-item vfb-item-text  \" id=\"item-vfb-1159\"><label for=\"vfb-1159\" class=\"vfb-desc\">Land  <span class=\"vfb-required-asterisk\">*<\/span><\/label><input type=\"text\" name=\"vfb-1159\" id=\"vfb-1159\" value=\"\" class=\"vfb-text  vfb-medium  required  \" \/><\/li><li class=\"vfb-item vfb-item-text  \" id=\"item-vfb-1160\"><label for=\"vfb-1160\" class=\"vfb-desc\">LMO 1 - 6 besucht  <span class=\"vfb-required-asterisk\">*<\/span><\/label><input type=\"text\" name=\"vfb-1160\" id=\"vfb-1160\" value=\"\" class=\"vfb-text  vfb-medium  required  \" \/><\/li><li class=\"vfb-item vfb-item-text  \" id=\"item-vfb-1162\"><label for=\"vfb-1162\" class=\"vfb-desc\">Ort des Studiums \/ CH-Arbeitgeber  <span class=\"vfb-required-asterisk\">*<\/span><\/label><input type=\"text\" name=\"vfb-1162\" id=\"vfb-1162\" value=\"\" class=\"vfb-text  vfb-medium  required  \" \/><\/li><\/ul>&nbsp;<\/fieldset><fieldset class=\"vfb-fieldset vfb-fieldset-2 kommentar \" id=\"item-vfb-1148\" style=\"display:block\"><div class=\"vfb-legend\"><h3>Kommentar<\/h3><\/div><ul class=\"vfb-section vfb-section-2\"><li class=\"vfb-item vfb-item-secret\"  style=\"display:block\"><label for=\"vfb-1149\" class=\"vfb-desc\"><\/label><input type=\"hidden\" name=\"_vfb-required-secret\" value=\"0\" \/><input type=\"hidden\" name=\"_vfb-secret\" value=\"vfb-1149\" \/><input type=\"text\" name=\"vfb-1149\" id=\"vfb-1149\" value=\"\" class=\"vfb-text  vfb-medium  {digits:true,maxlength:2,minlength:2} \" style=\"display:block\" \/><li style=\"display:none;\"><label>Cette bo\u00eete est pour la protection contre le spam - <strong>Veuillez laisser en blanc<\/strong>:<\/label><div><input name=\"vfb-spam\" \/><\/div><\/li>\n\t\t\t<li class=\"vfb-item vfb-item-submit\" id=\"item-vfb-1150\">\n\t\t\t\t\t\t<input type=\"submit\" name=\"vfb-submit\" id=\"vfb-1150\" value=\"Senden\" class=\"vfb-submit \" \/>\n\t\t\t\t\t\t<\/li><\/ul>\n\t\t\t<\/fieldset><input type=\"hidden\" name=\"_wp_http_referer\" value=\"\/wordpress\/index.php?rest_route=%2Fwp%2Fv2%2Fpages%2F3055\" \/><\/form><\/div> <!-- .visual-form-builder-container -->\n\n\n\n<p><strong>QR-Code f\u00fcr die Zahlung:<\/strong><\/p>\n\n\n\n<p>Nach dem Ausf\u00fcllen des Formulars verwenden<\/p>\n\n\n\n<figure class=\"wp-block-image size-full is-resized\"><img loading=\"lazy\" src=\"http:\/\/ap-vf-lmo.ch\/wordpress\/wp-content\/uploads\/2023\/04\/Capture-de\u0301cran-2023-04-25-a\u0300-18.12.25.png\" alt=\"\" class=\"wp-image-2598\" width=\"496\" height=\"349\" srcset=\"https:\/\/ap-vf-lmo.ch\/wordpress\/wp-content\/uploads\/2023\/04\/Capture-de\u0301cran-2023-04-25-a\u0300-18.12.25.png 992w, https:\/\/ap-vf-lmo.ch\/wordpress\/wp-content\/uploads\/2023\/04\/Capture-de\u0301cran-2023-04-25-a\u0300-18.12.25-300x211.png 300w, https:\/\/ap-vf-lmo.ch\/wordpress\/wp-content\/uploads\/2023\/04\/Capture-de\u0301cran-2023-04-25-a\u0300-18.12.25-768x540.png 768w, https:\/\/ap-vf-lmo.ch\/wordpress\/wp-content\/uploads\/2023\/04\/Capture-de\u0301cran-2023-04-25-a\u0300-18.12.25-130x90.png 130w\" sizes=\"(max-width: 496px) 100vw, 496px\" \/><\/figure>\n\n\n\n<p><\/p>\n","protected":false},"excerpt":{"rendered":"<p>Datum:&nbsp;Freitag 12. bis Sonntag 14. Juni 2026 Attestierte Weiterbildungsstunden: 22.5 h Kategorie A Preise, inklusive Pausengetr\u00e4nke und Mittagessen: 775 CHF<\/p>\n","protected":false},"author":1,"featured_media":0,"parent":0,"menu_order":0,"comment_status":"closed","ping_status":"closed","template":"","meta":[],"_links":{"self":[{"href":"https:\/\/ap-vf-lmo.ch\/wordpress\/index.php?rest_route=\/wp\/v2\/pages\/3055"}],"collection":[{"href":"https:\/\/ap-vf-lmo.ch\/wordpress\/index.php?rest_route=\/wp\/v2\/pages"}],"about":[{"href":"https:\/\/ap-vf-lmo.ch\/wordpress\/index.php?rest_route=\/wp\/v2\/types\/page"}],"author":[{"embeddable":true,"href":"https:\/\/ap-vf-lmo.ch\/wordpress\/index.php?rest_route=\/wp\/v2\/users\/1"}],"replies":[{"embeddable":true,"href":"https:\/\/ap-vf-lmo.ch\/wordpress\/index.php?rest_route=%2Fwp%2Fv2%2Fcomments&post=3055"}],"version-history":[{"count":12,"href":"https:\/\/ap-vf-lmo.ch\/wordpress\/index.php?rest_route=\/wp\/v2\/pages\/3055\/revisions"}],"predecessor-version":[{"id":3077,"href":"https:\/\/ap-vf-lmo.ch\/wordpress\/index.php?rest_route=\/wp\/v2\/pages\/3055\/revisions\/3077"}],"wp:attachment":[{"href":"https:\/\/ap-vf-lmo.ch\/wordpress\/index.php?rest_route=%2Fwp%2Fv2%2Fmedia&parent=3055"}],"curies":[{"name":"wp","href":"https:\/\/api.w.org\/{rel}","templated":true}]}}