{"id":3064,"date":"2026-02-13T20:08:53","date_gmt":"2026-02-13T20:08:53","guid":{"rendered":"https:\/\/ap-vf-lmo.ch\/wordpress\/?page_id=3064"},"modified":"2026-02-13T20:08:54","modified_gmt":"2026-02-13T20:08:54","slug":"revision-integration-lmo-1-6","status":"publish","type":"page","link":"https:\/\/ap-vf-lmo.ch\/wordpress\/?page_id=3064&lang=fr","title":{"rendered":"R\u00e9vision \/ Int\u00e9gration LMO 1 &#8211; 6"},"content":{"rendered":"\n<p class=\"has-text-align-left\"><strong>Date&nbsp;:<\/strong> <strong>12 \u2013 13 \u2013 14 juin 2026<\/strong><\/p>\n\n\n\n<p><strong>Horaire&nbsp;:<\/strong> 8.30 \u00e0 12.00 et 13.30 \u00e0 17.30<\/p>\n\n\n\n<p><strong>Heures pour la formation continue:<\/strong> 22.5 en cat\u00e9gorie A<\/p>\n\n\n\n<p><a href=\"https:\/\/ap-vf-lmo.ch\/wordpress\/?page_id=186&amp;lang=fr\"><strong>Lieu&nbsp;:<\/strong> Villars-sur-Gl\u00e2nes (Fribourg)<\/a><\/p>\n\n\n\n<p><strong>Prix:<\/strong><\/p>\n\n\n\n<ul><li>775 CHF pour les membres LMO Suisse, LMO France et international.<\/li><li>825 CHF pour les non membre des associations LMO<\/li><li>525 CHF pour le \u00e9tudiants et ost\u00e9opathes employ\u00e9s en attente d&rsquo;un droit de pratique<\/li><\/ul>\n\n\n\n<p>Ce prix comprend les 3 jours de cours, le repas de midi et les pauses caf\u00e9.<\/p>\n\n\n\n<p><strong><strong>Enseignants :<\/strong>&nbsp;<strong>Pascal Ferrand, ost\u00e9opathe D.O.<\/strong>&nbsp;et&nbsp;<strong>Olivier Samson, ost\u00e9opathe D.O. C.S.O.<\/strong>, tous deux originaires de France.<\/strong><\/p>\n\n\n\n<figure class=\"wp-block-image size-full is-resized\"><img loading=\"lazy\" src=\"http:\/\/ap-vf-lmo.ch\/wordpress\/wp-content\/uploads\/2023\/04\/Pascal-Ferrand-1.png\" alt=\"\" class=\"wp-image-2278\" width=\"180\" height=\"196\" srcset=\"https:\/\/ap-vf-lmo.ch\/wordpress\/wp-content\/uploads\/2023\/04\/Pascal-Ferrand-1.png 500w, https:\/\/ap-vf-lmo.ch\/wordpress\/wp-content\/uploads\/2023\/04\/Pascal-Ferrand-1-276x300.png 276w\" sizes=\"(max-width: 180px) 100vw, 180px\" \/><figcaption>Pascal FERRAND<\/figcaption><\/figure>\n\n\n\n<div class=\"wp-block-columns\">\n<div class=\"wp-block-column\" style=\"flex-basis:100%\">\n<div class=\"wp-block-group\"><div class=\"wp-block-group__inner-container\">\n<figure class=\"wp-block-image size-full is-resized\"><img loading=\"lazy\" src=\"http:\/\/ap-vf-lmo.ch\/wordpress\/wp-content\/uploads\/2024\/12\/photo-Olivier-1.jpeg\" alt=\"\" class=\"wp-image-2956\" width=\"181\" height=\"192\" srcset=\"https:\/\/ap-vf-lmo.ch\/wordpress\/wp-content\/uploads\/2024\/12\/photo-Olivier-1.jpeg 481w, https:\/\/ap-vf-lmo.ch\/wordpress\/wp-content\/uploads\/2024\/12\/photo-Olivier-1-281x300.jpeg 281w\" sizes=\"(max-width: 181px) 100vw, 181px\" \/><figcaption>Olivier SAMSON<\/figcaption><\/figure>\n<\/div><\/div>\n<\/div>\n<\/div>\n\n\n\n<h2 class=\"has-medium-font-size\"><strong>Objectif :<\/strong><\/h2>\n\n\n\n<p>R\u00e9vision compl\u00e8te et pratique de tous les points cl\u00e9s abord\u00e9s dans les cours de base 1 \u00e0 6. R\u00e9vision, exercices et entra\u00eenement de la m\u00e9moire sur la s\u00e9quence des tests de base pour l&rsquo;examen de tous les syst\u00e8mes.<\/p>\n\n\n\n<p class=\"has-normal-font-size\"><strong>Contenu :<\/strong><\/p>\n\n\n\n<p>Le stage de r\u00e9vision\/int\u00e9gration des tests du LMO dans la pratique du cabinet propose un enchainement clair et pr\u00e9cis pour r\u00e9aliser une s\u00e9ance LMO ! Nous reprenons tout les tests de base, quelques tests des masters et quelques nouveaut\u00e9s propos\u00e9es par des enseignants du LMO. Nous avons d\u00e9couper en 10 s\u00e9quences sur 3 jours. A chaque s\u00e9quence : une pr\u00e9sentation, un training avec d\u00e9scription et un training en citant juste les tests. Nous souhaitons que les stagiaires s&rsquo;approprient pleinement les tests dans leurs mains et dans leur gestuelle.<\/p>\n\n\n\n<p><strong>Inscription Membre:<\/strong><\/p>\n\n\n\n<div id=\"vfb-form-86\" class=\"visual-form-builder-container\"><form id=\"membre-revision-integration-lmo-1-6-a-villars-12-13-14-juin-26-86\" class=\"visual-form-builder vfb-form-86 \" method=\"post\" enctype=\"multipart\/form-data\">\n\t\t\t<input type=\"hidden\" name=\"form_id\" value=\"86\" \/><fieldset class=\"vfb-fieldset vfb-fieldset-1 membre-revision-integration-lmo-1-6-a-villars-12-13-14-juin-26 \" id=\"item-vfb-1118\"><div class=\"vfb-legend\"><h3>Membre: R\u00e9vision \/ Int\u00e9gration LMO 1 - 6 \u00e0 Villars, 12-13-14 juin 26<\/h3><\/div><ul class=\"vfb-section vfb-section-1\"><li class=\"vfb-item vfb-item-text  \" id=\"item-vfb-1119\"><label for=\"vfb-1119\" class=\"vfb-desc\">Nom et pr\u00e9nom  <span class=\"vfb-required-asterisk\">*<\/span><\/label><input type=\"text\" name=\"vfb-1119\" id=\"vfb-1119\" value=\"\" class=\"vfb-text  vfb-medium  required  \" \/><\/li><li class=\"vfb-item vfb-item-email  \" id=\"item-vfb-1121\"><label for=\"vfb-1121\" class=\"vfb-desc\">Email  <span class=\"vfb-required-asterisk\">*<\/span><\/label><input type=\"email\" name=\"vfb-1121\" id=\"vfb-1121\" value=\"\" class=\"vfb-text  vfb-medium  required  email \" \/><\/li><li class=\"vfb-item vfb-item-text  \" id=\"item-vfb-1120\"><label for=\"vfb-1120\" class=\"vfb-desc\">Num\u00e9ro de membre  <span class=\"vfb-required-asterisk\">*<\/span><\/label><input type=\"text\" name=\"vfb-1120\" id=\"vfb-1120\" value=\"\" class=\"vfb-text  vfb-medium  required  \" \/><\/li><\/ul>&nbsp;<\/fieldset><fieldset class=\"vfb-fieldset vfb-fieldset-2 envoyer \" id=\"item-vfb-1115\" style=\"display:block\"><div class=\"vfb-legend\"><h3>Envoyer<\/h3><\/div><ul class=\"vfb-section vfb-section-2\"><li class=\"vfb-item vfb-item-secret\"  style=\"display:block\"><label for=\"vfb-1116\" class=\"vfb-desc\"><\/label><input type=\"hidden\" name=\"_vfb-required-secret\" value=\"0\" \/><input type=\"hidden\" name=\"_vfb-secret\" value=\"vfb-1116\" \/><input type=\"text\" name=\"vfb-1116\" id=\"vfb-1116\" value=\"\" class=\"vfb-text  vfb-medium  {digits:true,maxlength:2,minlength:2} \" style=\"display:block\" \/><li style=\"display:none;\"><label>Cette bo\u00eete est pour la protection contre le spam - <strong>Veuillez laisser en blanc<\/strong>:<\/label><div><input name=\"vfb-spam\" \/><\/div><\/li>\n\t\t\t<li class=\"vfb-item vfb-item-submit\" id=\"item-vfb-1117\">\n\t\t\t\t\t\t<input type=\"submit\" name=\"vfb-submit\" id=\"vfb-1117\" value=\"Envoyer\" class=\"vfb-submit \" \/>\n\t\t\t\t\t\t<\/li><\/ul>\n\t\t\t<\/fieldset><input type=\"hidden\" name=\"_wp_http_referer\" value=\"\/wordpress\/index.php?rest_route=%2Fwp%2Fv2%2Fpages%2F3064\" \/><\/form><\/div> <!-- .visual-form-builder-container -->\n\n\n\n<p><strong>Inscription Non membre:<\/strong><\/p>\n\n\n\n<div id=\"vfb-form-82\" class=\"visual-form-builder-container\"><form id=\"non-membre-revision-integration-lmo-1-6-a-villars-12-13-14-juin-26-82\" class=\"visual-form-builder vfb-form-82 \" method=\"post\" enctype=\"multipart\/form-data\">\n\t\t\t<input type=\"hidden\" name=\"form_id\" value=\"82\" \/><fieldset class=\"vfb-fieldset vfb-fieldset-1 non-membre-revision-integration-lmo-1-6-a-villars-12-13-14-juin-26 \" id=\"item-vfb-1064\"><div class=\"vfb-legend\"><h3>Non Membre: R\u00e9vision \/ Int\u00e9gration LMO 1 - 6 \u00e0 Villars, 12-13-14 juin 26<\/h3><\/div><ul class=\"vfb-section vfb-section-1\"><li class=\"vfb-item vfb-item-text  \" id=\"item-vfb-1065\"><label for=\"vfb-1065\" class=\"vfb-desc\">Nom  <span class=\"vfb-required-asterisk\">*<\/span><\/label><input type=\"text\" name=\"vfb-1065\" id=\"vfb-1065\" value=\"\" class=\"vfb-text  vfb-medium  required  \" \/><\/li><li class=\"vfb-item vfb-item-text  \" id=\"item-vfb-1066\"><label for=\"vfb-1066\" class=\"vfb-desc\">Pr\u00e9nom  <span class=\"vfb-required-asterisk\">*<\/span><\/label><input type=\"text\" name=\"vfb-1066\" id=\"vfb-1066\" value=\"\" class=\"vfb-text  vfb-medium  required  \" \/><\/li><li class=\"vfb-item vfb-item-email  \" id=\"item-vfb-1068\"><label for=\"vfb-1068\" class=\"vfb-desc\">Email  <span class=\"vfb-required-asterisk\">*<\/span><\/label><input type=\"email\" name=\"vfb-1068\" id=\"vfb-1068\" value=\"\" class=\"vfb-text  vfb-medium  required  email \" \/><\/li><li class=\"vfb-item vfb-item-text  \" id=\"item-vfb-1067\"><label for=\"vfb-1067\" class=\"vfb-desc\">Rue et num\u00e9ro  <span class=\"vfb-required-asterisk\">*<\/span><\/label><input type=\"text\" name=\"vfb-1067\" id=\"vfb-1067\" value=\"\" class=\"vfb-text  vfb-medium  required  \" \/><\/li><li class=\"vfb-item vfb-item-text  \" id=\"item-vfb-1070\"><label for=\"vfb-1070\" class=\"vfb-desc\">Num\u00e9ro postal  <span class=\"vfb-required-asterisk\">*<\/span><\/label><input type=\"text\" name=\"vfb-1070\" id=\"vfb-1070\" value=\"\" class=\"vfb-text  vfb-medium  required  \" \/><\/li><li class=\"vfb-item vfb-item-text  \" id=\"item-vfb-1071\"><label for=\"vfb-1071\" class=\"vfb-desc\">Ville  <span class=\"vfb-required-asterisk\">*<\/span><\/label><input type=\"text\" name=\"vfb-1071\" id=\"vfb-1071\" value=\"\" class=\"vfb-text  vfb-medium  required  \" \/><\/li><li class=\"vfb-item vfb-item-text  \" id=\"item-vfb-1072\"><label for=\"vfb-1072\" class=\"vfb-desc\">Pays  <span class=\"vfb-required-asterisk\">*<\/span><\/label><input type=\"text\" name=\"vfb-1072\" id=\"vfb-1072\" value=\"\" class=\"vfb-text  vfb-medium  required  \" \/><\/li><li class=\"vfb-item vfb-item-text  \" id=\"item-vfb-1069\"><label for=\"vfb-1069\" class=\"vfb-desc\">Num\u00e9ro de t\u00e9l\u00e9phone  <span class=\"vfb-required-asterisk\">*<\/span><\/label><input type=\"text\" name=\"vfb-1069\" id=\"vfb-1069\" value=\"\" class=\"vfb-text  vfb-medium  required  \" \/><\/li><li class=\"vfb-item vfb-item-text  \" id=\"item-vfb-1073\"><label for=\"vfb-1073\" class=\"vfb-desc\">Date fin formation LMO <\/label><input type=\"text\" name=\"vfb-1073\" id=\"vfb-1073\" value=\"\" class=\"vfb-text  vfb-medium   \" \/><\/li><\/ul>&nbsp;<\/fieldset><fieldset class=\"vfb-fieldset vfb-fieldset-2 envoyer \" id=\"item-vfb-1061\" style=\"display:block\"><div class=\"vfb-legend\"><h3>Envoyer<\/h3><\/div><ul class=\"vfb-section vfb-section-2\"><li class=\"vfb-item vfb-item-secret\"  style=\"display:block\"><label for=\"vfb-1062\" class=\"vfb-desc\"><\/label><input type=\"hidden\" name=\"_vfb-required-secret\" value=\"0\" \/><input type=\"hidden\" name=\"_vfb-secret\" value=\"vfb-1062\" \/><input type=\"text\" name=\"vfb-1062\" id=\"vfb-1062\" value=\"\" class=\"vfb-text  vfb-medium  {digits:true,maxlength:2,minlength:2} \" style=\"display:block\" \/><li style=\"display:none;\"><label>Cette bo\u00eete est pour la protection contre le spam - <strong>Veuillez laisser en blanc<\/strong>:<\/label><div><input name=\"vfb-spam\" \/><\/div><\/li>\n\t\t\t<li class=\"vfb-item vfb-item-submit\" id=\"item-vfb-1063\">\n\t\t\t\t\t\t<input type=\"submit\" name=\"vfb-submit\" id=\"vfb-1063\" value=\"Envoyer\" class=\"vfb-submit \" \/>\n\t\t\t\t\t\t<\/li><\/ul>\n\t\t\t<\/fieldset><input type=\"hidden\" name=\"_wp_http_referer\" value=\"\/wordpress\/index.php?rest_route=%2Fwp%2Fv2%2Fpages%2F3064\" \/><\/form><\/div> <!-- .visual-form-builder-container -->\n\n\n\n<p><strong>Inscription <strong>Etudiant<\/strong><\/strong> \/ <strong>Assistant:<\/strong><\/p>\n\n\n\n<div id=\"vfb-form-85\" class=\"visual-form-builder-container\"><form id=\"etudiant-assistant-revision-integration-lmo-1-6-a-villars-12-13-14-juin-26-85\" class=\"visual-form-builder vfb-form-85 \" method=\"post\" enctype=\"multipart\/form-data\">\n\t\t\t<input type=\"hidden\" name=\"form_id\" value=\"85\" \/><fieldset class=\"vfb-fieldset vfb-fieldset-1 etudiant-assistant-revision-integration-lmo-1-6-a-villars-12-13-14-juin-26 \" id=\"item-vfb-1104\"><div class=\"vfb-legend\"><h3>Etudiant\/Assistant: R\u00e9vision \/ Int\u00e9gration LMO 1 - 6 \u00e0 Villars, 12-13-14 juin 26<\/h3><\/div><ul class=\"vfb-section vfb-section-1\"><li class=\"vfb-item vfb-item-text  \" id=\"item-vfb-1105\"><label for=\"vfb-1105\" class=\"vfb-desc\">Nom  <span class=\"vfb-required-asterisk\">*<\/span><\/label><input type=\"text\" name=\"vfb-1105\" id=\"vfb-1105\" value=\"\" class=\"vfb-text  vfb-medium  required  \" \/><\/li><li class=\"vfb-item vfb-item-text  \" id=\"item-vfb-1106\"><label for=\"vfb-1106\" class=\"vfb-desc\">Pr\u00e9nom  <span class=\"vfb-required-asterisk\">*<\/span><\/label><input type=\"text\" name=\"vfb-1106\" id=\"vfb-1106\" value=\"\" class=\"vfb-text  vfb-medium  required  \" \/><\/li><li class=\"vfb-item vfb-item-email  \" id=\"item-vfb-1108\"><label for=\"vfb-1108\" class=\"vfb-desc\">Email  <span class=\"vfb-required-asterisk\">*<\/span><\/label><input type=\"email\" name=\"vfb-1108\" id=\"vfb-1108\" value=\"\" class=\"vfb-text  vfb-medium  required  email \" \/><\/li><li class=\"vfb-item vfb-item-text  \" id=\"item-vfb-1107\"><label for=\"vfb-1107\" class=\"vfb-desc\">Rue et num\u00e9ro  <span class=\"vfb-required-asterisk\">*<\/span><\/label><input type=\"text\" name=\"vfb-1107\" id=\"vfb-1107\" value=\"\" class=\"vfb-text  vfb-medium  required  \" \/><\/li><li class=\"vfb-item vfb-item-text  \" id=\"item-vfb-1110\"><label for=\"vfb-1110\" class=\"vfb-desc\">Num\u00e9ro postal  <span class=\"vfb-required-asterisk\">*<\/span><\/label><input type=\"text\" name=\"vfb-1110\" id=\"vfb-1110\" value=\"\" class=\"vfb-text  vfb-medium  required  \" \/><\/li><li class=\"vfb-item vfb-item-text  \" id=\"item-vfb-1111\"><label for=\"vfb-1111\" class=\"vfb-desc\">Ville  <span class=\"vfb-required-asterisk\">*<\/span><\/label><input type=\"text\" name=\"vfb-1111\" id=\"vfb-1111\" value=\"\" class=\"vfb-text  vfb-medium  required  \" \/><\/li><li class=\"vfb-item vfb-item-text  \" id=\"item-vfb-1112\"><label for=\"vfb-1112\" class=\"vfb-desc\">Pays  <span class=\"vfb-required-asterisk\">*<\/span><\/label><input type=\"text\" name=\"vfb-1112\" id=\"vfb-1112\" value=\"\" class=\"vfb-text  vfb-medium  required  \" \/><\/li><li class=\"vfb-item vfb-item-text  \" id=\"item-vfb-1109\"><label for=\"vfb-1109\" class=\"vfb-desc\">Num\u00e9ro de t\u00e9l\u00e9phone  <span class=\"vfb-required-asterisk\">*<\/span><\/label><input type=\"text\" name=\"vfb-1109\" id=\"vfb-1109\" value=\"\" class=\"vfb-text  vfb-medium  required  \" \/><\/li><li class=\"vfb-item vfb-item-text  \" id=\"item-vfb-1113\"><label for=\"vfb-1113\" class=\"vfb-desc\">Lieu de Formation \/ Nom Employeur  <span class=\"vfb-required-asterisk\">*<\/span><\/label><input type=\"text\" name=\"vfb-1113\" id=\"vfb-1113\" value=\"\" class=\"vfb-text  vfb-medium  required  \" \/><\/li><li class=\"vfb-item vfb-item-text  \" id=\"item-vfb-1114\"><label for=\"vfb-1114\" class=\"vfb-desc\">Ann\u00e9e de formation d&#039;ost\u00e9opathie \/ Date de fin d&#039;assistanat  <span class=\"vfb-required-asterisk\">*<\/span><\/label><input type=\"text\" name=\"vfb-1114\" id=\"vfb-1114\" value=\"\" class=\"vfb-text  vfb-medium  required  \" \/><\/li><\/ul>&nbsp;<\/fieldset><fieldset class=\"vfb-fieldset vfb-fieldset-2 envoyer \" id=\"item-vfb-1101\" style=\"display:block\"><div class=\"vfb-legend\"><h3>Envoyer<\/h3><\/div><ul class=\"vfb-section vfb-section-2\"><li class=\"vfb-item vfb-item-secret\"  style=\"display:block\"><label for=\"vfb-1102\" class=\"vfb-desc\"><\/label><input type=\"hidden\" name=\"_vfb-required-secret\" value=\"0\" \/><input type=\"hidden\" name=\"_vfb-secret\" value=\"vfb-1102\" \/><input type=\"text\" name=\"vfb-1102\" id=\"vfb-1102\" value=\"\" class=\"vfb-text  vfb-medium  {digits:true,maxlength:2,minlength:2} \" style=\"display:block\" \/><li style=\"display:none;\"><label>Cette bo\u00eete est pour la protection contre le spam - <strong>Veuillez laisser en blanc<\/strong>:<\/label><div><input name=\"vfb-spam\" \/><\/div><\/li>\n\t\t\t<li class=\"vfb-item vfb-item-submit\" id=\"item-vfb-1103\">\n\t\t\t\t\t\t<input type=\"submit\" name=\"vfb-submit\" id=\"vfb-1103\" value=\"Envoyer\" class=\"vfb-submit \" \/>\n\t\t\t\t\t\t<\/li><\/ul>\n\t\t\t<\/fieldset><input type=\"hidden\" name=\"_wp_http_referer\" value=\"\/wordpress\/index.php?rest_route=%2Fwp%2Fv2%2Fpages%2F3064\" \/><\/form><\/div> <!-- .visual-form-builder-container -->\n\n\n\n<p><strong>Code QR pour le paiement :<\/strong><\/p>\n\n\n\n<p>A utiliser apr\u00e8s avoir rempli le formulaire<\/p>\n\n\n\n<figure class=\"wp-block-image size-full is-resized\"><img loading=\"lazy\" src=\"https:\/\/ap-vf-lmo.ch\/wordpress\/wp-content\/uploads\/2023\/04\/Capture-de\u0301cran-2023-04-25-a\u0300-18.12.25.png\" alt=\"\" class=\"wp-image-2598\" width=\"496\" height=\"349\" srcset=\"https:\/\/ap-vf-lmo.ch\/wordpress\/wp-content\/uploads\/2023\/04\/Capture-de\u0301cran-2023-04-25-a\u0300-18.12.25.png 992w, https:\/\/ap-vf-lmo.ch\/wordpress\/wp-content\/uploads\/2023\/04\/Capture-de\u0301cran-2023-04-25-a\u0300-18.12.25-300x211.png 300w, https:\/\/ap-vf-lmo.ch\/wordpress\/wp-content\/uploads\/2023\/04\/Capture-de\u0301cran-2023-04-25-a\u0300-18.12.25-768x540.png 768w, https:\/\/ap-vf-lmo.ch\/wordpress\/wp-content\/uploads\/2023\/04\/Capture-de\u0301cran-2023-04-25-a\u0300-18.12.25-130x90.png 130w\" sizes=\"(max-width: 496px) 100vw, 496px\" \/><\/figure>\n","protected":false},"excerpt":{"rendered":"<p>Date&nbsp;: 12 \u2013 13 \u2013 14 juin 2026 Horaire&nbsp;: 8.30 \u00e0 12.00 et 13.30 \u00e0 17.30 Heures pour la formation<\/p>\n","protected":false},"author":1,"featured_media":0,"parent":0,"menu_order":0,"comment_status":"closed","ping_status":"closed","template":"","meta":[],"_links":{"self":[{"href":"https:\/\/ap-vf-lmo.ch\/wordpress\/index.php?rest_route=\/wp\/v2\/pages\/3064"}],"collection":[{"href":"https:\/\/ap-vf-lmo.ch\/wordpress\/index.php?rest_route=\/wp\/v2\/pages"}],"about":[{"href":"https:\/\/ap-vf-lmo.ch\/wordpress\/index.php?rest_route=\/wp\/v2\/types\/page"}],"author":[{"embeddable":true,"href":"https:\/\/ap-vf-lmo.ch\/wordpress\/index.php?rest_route=\/wp\/v2\/users\/1"}],"replies":[{"embeddable":true,"href":"https:\/\/ap-vf-lmo.ch\/wordpress\/index.php?rest_route=%2Fwp%2Fv2%2Fcomments&post=3064"}],"version-history":[{"count":10,"href":"https:\/\/ap-vf-lmo.ch\/wordpress\/index.php?rest_route=\/wp\/v2\/pages\/3064\/revisions"}],"predecessor-version":[{"id":3078,"href":"https:\/\/ap-vf-lmo.ch\/wordpress\/index.php?rest_route=\/wp\/v2\/pages\/3064\/revisions\/3078"}],"wp:attachment":[{"href":"https:\/\/ap-vf-lmo.ch\/wordpress\/index.php?rest_route=%2Fwp%2Fv2%2Fmedia&parent=3064"}],"curies":[{"name":"wp","href":"https:\/\/api.w.org\/{rel}","templated":true}]}}