{"id":327,"date":"2016-12-29T11:50:10","date_gmt":"2016-12-29T11:50:10","guid":{"rendered":"http:\/\/ap-vf-lmo.ch\/wordpress\/?page_id=327"},"modified":"2021-11-23T09:51:59","modified_gmt":"2021-11-23T09:51:59","slug":"journees-de-perfectionnement","status":"publish","type":"page","link":"https:\/\/ap-vf-lmo.ch\/wordpress\/?page_id=327&lang=fr","title":{"rendered":"Formations en Suisse"},"content":{"rendered":"<div class=\"\">\n<div class=\"\">Les cours de formation continue en Suisse s&rsquo;adressent essentiellement \u00e0 tous les ost\u00e9opathes.<\/div>\n<div class=\"\"><\/div>\n<div class=\"\">Certains cours de master ne sont ouverts qu&rsquo;aux ost\u00e9opathes qui ont suivi les cours de base LMO 1 \u00e0 \u00a06 dans leur int\u00e9gralit\u00e9.<\/div>\n<div class=\"\"><\/div>\n<div class=\"\">La participation aux cours de r\u00e9p\u00e9tition d&rsquo;une journ\u00e9e des cours de base LMO 1 \u00e0 6 est ouverte \u00e0 tous ceux qui ont suivi au moins le LMO 1 plus le cours de base correspondant. Par exemple : pour suivre le cours de r\u00e9p\u00e9tition 4, il faut avoir suivit le cours de LMO 1 et le cours de LMO 4.<\/div>\n<\/div>\n<div class=\"\"><\/div>\n<div class=\"\"><\/div>\n","protected":false},"excerpt":{"rendered":"<p>Les cours de formation continue en Suisse s&rsquo;adressent essentiellement \u00e0 tous les ost\u00e9opathes. Certains cours de master ne sont ouverts<\/p>\n","protected":false},"author":1,"featured_media":0,"parent":741,"menu_order":0,"comment_status":"closed","ping_status":"closed","template":"","meta":[],"_links":{"self":[{"href":"https:\/\/ap-vf-lmo.ch\/wordpress\/index.php?rest_route=\/wp\/v2\/pages\/327"}],"collection":[{"href":"https:\/\/ap-vf-lmo.ch\/wordpress\/index.php?rest_route=\/wp\/v2\/pages"}],"about":[{"href":"https:\/\/ap-vf-lmo.ch\/wordpress\/index.php?rest_route=\/wp\/v2\/types\/page"}],"author":[{"embeddable":true,"href":"https:\/\/ap-vf-lmo.ch\/wordpress\/index.php?rest_route=\/wp\/v2\/users\/1"}],"replies":[{"embeddable":true,"href":"https:\/\/ap-vf-lmo.ch\/wordpress\/index.php?rest_route=%2Fwp%2Fv2%2Fcomments&post=327"}],"version-history":[{"count":21,"href":"https:\/\/ap-vf-lmo.ch\/wordpress\/index.php?rest_route=\/wp\/v2\/pages\/327\/revisions"}],"predecessor-version":[{"id":2094,"href":"https:\/\/ap-vf-lmo.ch\/wordpress\/index.php?rest_route=\/wp\/v2\/pages\/327\/revisions\/2094"}],"up":[{"embeddable":true,"href":"https:\/\/ap-vf-lmo.ch\/wordpress\/index.php?rest_route=\/wp\/v2\/pages\/741"}],"wp:attachment":[{"href":"https:\/\/ap-vf-lmo.ch\/wordpress\/index.php?rest_route=%2Fwp%2Fv2%2Fmedia&parent=327"}],"curies":[{"name":"wp","href":"https:\/\/api.w.org\/{rel}","templated":true}]}}