{"id":836,"date":"2017-11-12T20:22:29","date_gmt":"2017-11-12T20:22:29","guid":{"rendered":"http:\/\/ap-vf-lmo.ch\/wordpress\/?page_id=836"},"modified":"2023-05-08T20:32:23","modified_gmt":"2023-05-08T20:32:23","slug":"masterkurse","status":"publish","type":"page","link":"https:\/\/ap-vf-lmo.ch\/wordpress\/?page_id=836&lang=de","title":{"rendered":"Masterkurse"},"content":{"rendered":"<p>F\u00fcr Osteopathen, welche die 6 LMO-Basiskurse absolviert haben, werden ein bis zweimal pro Jahr dreit\u00e4gige Masterkurse organisiert. W\u00e4hrend dieser Masterklassen werden sowohl fortgeschrittene Tests gelehrt, um die Untersuchung des Patienten zu pr\u00e4zisieren, wie auch die neuesten Forschungsergebnisse im Bereich des LMO er\u00f6rtert.<\/p>\n<p>Aktuell gibt es die folgenden vier Masterkurse:<\/p>\n<ul>\n<li>Masterklasse 1:<a href=\"https:\/\/lmosteo.com\/de\/master-1-das-osteoartikulaere-system\"> \u201e Das osteo-artikul\u00e4re System\u201c<\/a><\/li>\n<li>Masterklasse 2: <a href=\"https:\/\/lmosteo.com\/de\/master-2-viszerales-und-vaskulaeres-system\">\u201e Das viszerale System und das Gef\u00e4sssystem\u201c<\/a><\/li>\n<li>Masterklasse 3: <a href=\"https:\/\/lmosteo.com\/de\/master-3-peripheres-und-zentrales-nervensystem\">\u201e Das periphere und das zentrale Nervensystem\u201c<\/a><\/li>\n<li>Masterklasse 4: <a href=\"https:\/\/lmosteo.com\/de\/master-4-schaedel-und-vestibulaeres-system\">\u201e Der Sch\u00e4del und das vestibul\u00e4re System\u201c<\/a><\/li>\n<\/ul>\n<p>Die genauen Daten und Kursorte der Basiskurse und der Masterklassen finden Sie auch auf <a href=\"https:\/\/lmosteo.com\/\">www.lmosteo.com<\/a><\/p>\n","protected":false},"excerpt":{"rendered":"<p>F\u00fcr Osteopathen, welche die 6 LMO-Basiskurse absolviert haben, werden ein bis zweimal pro Jahr dreit\u00e4gige Masterkurse organisiert. W\u00e4hrend dieser Masterklassen<\/p>\n","protected":false},"author":1,"featured_media":0,"parent":828,"menu_order":0,"comment_status":"closed","ping_status":"closed","template":"","meta":[],"_links":{"self":[{"href":"https:\/\/ap-vf-lmo.ch\/wordpress\/index.php?rest_route=\/wp\/v2\/pages\/836"}],"collection":[{"href":"https:\/\/ap-vf-lmo.ch\/wordpress\/index.php?rest_route=\/wp\/v2\/pages"}],"about":[{"href":"https:\/\/ap-vf-lmo.ch\/wordpress\/index.php?rest_route=\/wp\/v2\/types\/page"}],"author":[{"embeddable":true,"href":"https:\/\/ap-vf-lmo.ch\/wordpress\/index.php?rest_route=\/wp\/v2\/users\/1"}],"replies":[{"embeddable":true,"href":"https:\/\/ap-vf-lmo.ch\/wordpress\/index.php?rest_route=%2Fwp%2Fv2%2Fcomments&post=836"}],"version-history":[{"count":10,"href":"https:\/\/ap-vf-lmo.ch\/wordpress\/index.php?rest_route=\/wp\/v2\/pages\/836\/revisions"}],"predecessor-version":[{"id":2415,"href":"https:\/\/ap-vf-lmo.ch\/wordpress\/index.php?rest_route=\/wp\/v2\/pages\/836\/revisions\/2415"}],"up":[{"embeddable":true,"href":"https:\/\/ap-vf-lmo.ch\/wordpress\/index.php?rest_route=\/wp\/v2\/pages\/828"}],"wp:attachment":[{"href":"https:\/\/ap-vf-lmo.ch\/wordpress\/index.php?rest_route=%2Fwp%2Fv2%2Fmedia&parent=836"}],"curies":[{"name":"wp","href":"https:\/\/api.w.org\/{rel}","templated":true}]}}